{"id":989649,"date":"2022-05-15T16:56:48","date_gmt":"2022-05-15T14:56:48","guid":{"rendered":"https:\/\/dev.avusturyacenazefonu.at\/?page_id=989649"},"modified":"2022-05-24T15:10:38","modified_gmt":"2022-05-24T13:10:38","slug":"gebetszeiten","status":"publish","type":"page","link":"https:\/\/www.avusturyacenazefonu.at\/de\/gebetszeiten\/","title":{"rendered":"Gebetszeiten"},"content":{"rendered":"\t\t<div data-elementor-type=\"wp-page\" data-elementor-id=\"989649\" class=\"elementor elementor-989649\" data-elementor-post-type=\"page\">\n\t\t\t\t\t\t<section class=\"elementor-section elementor-top-section elementor-element elementor-element-f94c2c9 elementor-section-boxed elementor-section-height-default elementor-section-height-default\" data-id=\"f94c2c9\" data-element_type=\"section\" data-e-type=\"section\">\n\t\t\t\t\t\t<div class=\"elementor-container elementor-column-gap-default\">\n\t\t\t\t\t<div class=\"elementor-column elementor-col-100 elementor-top-column elementor-element elementor-element-19c8dcf\" data-id=\"19c8dcf\" data-element_type=\"column\" data-e-type=\"column\">\n\t\t\t<div class=\"elementor-widget-wrap elementor-element-populated\">\n\t\t\t\t\t\t<div class=\"elementor-element elementor-element-e38bc30 elementor-widget elementor-widget-heading\" data-id=\"e38bc30\" data-element_type=\"widget\" data-e-type=\"widget\" data-widget_type=\"heading.default\">\n\t\t\t\t<div class=\"elementor-widget-container\">\n\t\t\t\t\t<h2 class=\"elementor-heading-title elementor-size-default\">\u00d6sterreichische Gebetszeiten<\/h2>\t\t\t\t<\/div>\n\t\t\t\t<\/div>\n\t\t\t\t<div class=\"elementor-element elementor-element-31c390a elementor-widget elementor-widget-text-editor\" data-id=\"31c390a\" data-element_type=\"widget\" data-e-type=\"widget\" data-widget_type=\"text-editor.default\">\n\t\t\t\t<div class=\"elementor-widget-container\">\n\t\t\t\t\t\t\t\t\t<p style=\"text-align: center;\">Nach dem Diyanet-Kalender ist die \u00f6sterreichische Gebetszeiten-St\u00e4dteliste unten. Klicken Sie auf die \u00f6sterreichische Stadt, in der Sie Informationen zur Gebetszeit von Diyanet \u00d6sterreich sehen m\u00f6chten.<\/p>\t\t\t\t\t\t\t\t<\/div>\n\t\t\t\t<\/div>\n\t\t\t\t<div class=\"elementor-element elementor-element-f76217a elementor-widget elementor-widget-text-editor\" data-id=\"f76217a\" data-element_type=\"widget\" data-e-type=\"widget\" data-widget_type=\"text-editor.default\">\n\t\t\t\t<div class=\"elementor-widget-container\">\n\t\t\t\t\t\t\t\t\t<table class=\"cities\" style=\"height: 2303px;\" border=\"0\" width=\"325\"><tbody><tr bgcolor=\"#ffcccc\"><td><a title=\"ABSAM\" href=\"\/absam-namaz-vakitleri\">Absam<\/a><\/td><td><a title=\"AINRING\" href=\"\/ainring-namaz-vakitleri\">A\u0131nr\u0131ng<\/a><\/td><td><a title=\"ALTMUNSTER\" href=\"\/altmunster-namaz-vakitleri\">Altmunster<\/a><\/td><\/tr><tr><td><a title=\"AMSTETTEN\" href=\"\/amstetten-namaz-vakitleri\">Amsteten<\/a><\/td><td><a title=\"ANDORF\" href=\"\/andorf-namaz-vakitleri\">Andorf<\/a><\/td><td><a title=\"ANSFELDEN\" href=\"\/ansfelden-namaz-vakitleri\">Ansfelden<\/a><\/td><\/tr><tr bgcolor=\"#f7d5d5\"><td><a title=\"BAD GOISERN\" href=\"\/bad-goisern-namaz-vakitleri\">Bad Go\u0131sern<\/a><\/td><td><a title=\"BAD HALL\" href=\"\/bad-hall-namaz-vakitleri\">Bad Hall<\/a><\/td><td><a title=\"BAD ISCHL\" href=\"\/bad-ischl-namaz-vakitleri\">Bad Ischl<\/a><\/td><\/tr><tr><td><a title=\"BAD VOSLAU\" href=\"\/bad-voslau-namaz-vakitleri\">Bad Voslau<\/a><\/td><td><a title=\"BADEN\" href=\"\/baden-namaz-vakitleri\">Baden<\/a><\/td><td><a title=\"BADGASTEIN\" href=\"\/bad-goisern-namaz-vakitleri\">Badgaste\u0131n<\/a><\/td><\/tr><tr bgcolor=\"#ffcccc\"><td><a title=\"BAIERHAM\" href=\"\/baierham-namaz-vakitleri\">Ba\u0131erham<\/a><\/td><td><a title=\"BERG (Reutte)\" href=\"\/berg-reutte-namaz-vakitleri\">Berg (reutte)<\/a><\/td><td><a title=\"BERG BEI ROHRBACH\" href=\"\/berg-bei-rohrbach-namaz-vakitleri\">Berg Be\u0131 Rohrbach<\/a><\/td><\/tr><tr><td><a title=\"BERNDORF\" href=\"\/berndorf-namaz-vakitleri\">Berndorf<\/a><\/td><td><a title=\"BIBERWIER\" href=\"\/biberwier-namaz-vakitleri\">B\u0131berw\u0131er<\/a><\/td><td><a title=\"BISCHOFSHOFEN\" href=\"\/bischofshofen-namaz-vakitleri\">B\u0131schofshofen<\/a><\/td><\/tr><tr bgcolor=\"#ffcccc\"><td><a title=\"BLUDENZ\" href=\"\/bludenz-namaz-vakitleri\">Bludenz<\/a><\/td><td><a title=\"BRAUNAU AM INN\" href=\"\/braunau-am-inn-namaz-vakitleri\">Braunau Am Inn<\/a><\/td><td><a title=\"BREDERIS\" href=\"\/brederis-namaz-vakitleri\">Breder\u0131s<\/a><\/td><\/tr><tr><td><a title=\"BREGENZ\" href=\"\/bregenz-namaz-vakitleri\">Bregenz<\/a><\/td><td><a title=\"BRUCK AN DER LEITHA\" href=\"\/bruck-an-der-leitha-namaz-vakitleri\">Bruck An Der Le\u0131tha<\/a><\/td><td><a title=\"BUCHBERG (Salzburg)\" href=\"\/buchberg-salzburg-namaz-vakitleri\">Buchberg (salzburg)<\/a><\/td><\/tr><tr bgcolor=\"#ffcccc\"><td><a title=\"DEUTSCHLANDSBERG\" href=\"\/deutschlandsberg-namaz-vakitleri\">Deutschlandsberg<\/a><\/td><td><a title=\"DORNBIRN\" href=\"\/dornbirn-namaz-vakitleri\">Dornb\u0131rn<\/a><\/td><td><a title=\"EBENSEE\" href=\"\/ebensee-namaz-vakitleri\">Ebensee<\/a><\/td><\/tr><tr><td><a title=\"EFERDING\" href=\"\/eferding-namaz-vakitleri\">Eferd\u0131ng<\/a><\/td><td><a title=\"EHRWALD OBERDORF\" href=\"\/ehrwald-oberdorf-namaz-vakitleri\">Ehrwald Oberdorf<\/a><\/td><td><a title=\"EISENSTADT\" href=\"\/eisenstadt-namaz-vakitleri\">E\u0131senstadt<\/a><\/td><\/tr><tr bgcolor=\"#ffcccc\"><td><a title=\"ELLMAU (S)\" href=\"\/ellmau-s-namaz-vakitleri\">Ellmau (s)<\/a><\/td><td><a title=\"ELMEN\" href=\"\/elmen-namaz-vakitleri\">Elmen<\/a><\/td><td><a title=\"ENNS\" href=\"\/enns-namaz-vakitleri\">Enns<\/a><\/td><\/tr><tr><td><a title=\"ERPFENDORF\" href=\"\/erpfendorf-namaz-vakitleri\">Erpfendorf<\/a><\/td><td><a title=\"FELDKIRCH\" href=\"\/feldkirch-namaz-vakitleri\">Feldk\u0131rch<\/a><\/td><td><a title=\"FELIXDORF\" href=\"\/felixdorf-namaz-vakitleri\">Fel\u0131xdorf<\/a><\/td><\/tr><tr bgcolor=\"#ffcccc\"><td><a title=\"FIEBERBRUNN\" href=\"\/fieberbrunn-namaz-vakitleri\">F\u0131eberbrunn<\/a><\/td><td><a title=\"FOHNSDORF\" href=\"\/fohnsdorf-namaz-vakitleri\">Fohnsdorf<\/a><\/td><td><a title=\"FREISTADT\" href=\"\/freistadt-namaz-vakitleri\">Fre\u0131stadt<\/a><\/td><\/tr><tr><td><a title=\"FULPMES\" href=\"\/fulpmes-namaz-vakitleri\">Fulpmes<\/a><\/td><td><a title=\"FURSTENFELD\" href=\"\/furstenfeld-namaz-vakitleri\">Furstenfeld<\/a><\/td><td><a title=\"FURTH\" href=\"\/furth-namaz-vakitleri\">Furth<\/a><\/td><\/tr><tr bgcolor=\"#ffcccc\"><td><a title=\"GAISBERG (K)\" href=\"\/gaisberg-k-namaz-vakitleri\">Ga\u0131sberg (k)<\/a><\/td><td><a title=\"GANSERNDORF\" href=\"\/ganserndorf-namaz-vakitleri\">Ganserndorf<\/a><\/td><td><a title=\"GARGELLEN\" href=\"\/gargellen-namaz-vakitleri\">Gargellen<\/a><\/td><\/tr><tr><td><a title=\"GASCHURN\" href=\"\/gaschurn-namaz-vakitleri\">Gaschurn<\/a><\/td><td><a title=\"GERASDORF (N)\" href=\"\/gerasdorf-n-namaz-vakitleri\">Gerasdorf (n)<\/a><\/td><td><a title=\"GLEISDORF\" href=\"\/gleisdorf-namaz-vakitleri\">Gle\u0131sdorf<\/a><\/td><\/tr><tr bgcolor=\"#ffcccc\"><td><a title=\"GMUND\" href=\"\/gmund-namaz-vakitleri\">Gmund<\/a><\/td><td><a title=\"GMUNDEN\" href=\"\/gmunden-namaz-vakitleri\">Gmunden<\/a><\/td><td><a title=\"GOTZIS\" href=\"\/gotzis-namaz-vakitleri\">Gotz\u0131s<\/a><\/td><\/tr><tr><td><a title=\"GRAZ\" href=\"\/graz-namaz-vakitleri\">Graz<\/a><\/td><td><a title=\"GRIESBACHWINKL\" href=\"\/griesbachwinkl-namaz-vakitleri\">Gr\u0131esbachw\u0131nkl<\/a><\/td><td><a title=\"GRIESKIRCHEN\" href=\"\/grieskirchen-namaz-vakitleri\">Gr\u0131esk\u0131rchen<\/a><\/td><\/tr><tr bgcolor=\"#ffcccc\"><td><a title=\"GRIFFEN (K)\" href=\"\/griffen-k-namaz-vakitleri\">Gr\u0131ffen (k)<\/a><\/td><td><a title=\"GROSSEGG (K)\" href=\"\/grossegg-k-namaz-vakitleri\">Grossegg (k)<\/a><\/td><td><a title=\"GRUNBURG\" href=\"\/grunburg-namaz-vakitleri\">Grunburg<\/a><\/td><\/tr><tr><td><a title=\"HAAG (AMSTETTEN)\" href=\"\/haag-amstetten-namaz-vakitleri\">Haag (amstetten)<\/a><\/td><td><a title=\"HAINBURG A.D.D.\" href=\"\/hainburg-a.d.d.-namaz-vakitleri\">Ha\u0131nburg A.d.d.<\/a><\/td><td><a title=\"HALL IN TIROL\" href=\"\/hall-in-tirol-namaz-vakitleri\">Hall In T\u0131rol<\/a><\/td><\/tr><tr bgcolor=\"#ffcccc\"><td><a title=\"HALLEIN\" href=\"\/hallein-namaz-vakitleri\">Halle\u0131n<\/a><\/td><td><a title=\"HARD\" href=\"\/hard-namaz-vakitleri\">Hard<\/a><\/td><td><a title=\"HAUZENDORF (K)\" href=\"\/hauzendorf-k-namaz-vakitleri\">Hauzendorf (k)<\/a><\/td><\/tr><tr><td><a title=\"HEIDENREICHSTEIN\" href=\"\/heidenreichstein-namaz-vakitleri\">He\u0131denre\u0131chste\u0131n<\/a><\/td><td><a title=\"HEILIGENBLUT\" href=\"\/heiligenblut-namaz-vakitleri\">He\u0131l\u0131genblut<\/a><\/td><td><a title=\"HEUBERG (Salzburg)\" href=\"\/heuberg-salzburg-namaz-vakitleri\">Heuberg (salzburg)<\/a><\/td><\/tr><tr bgcolor=\"#ffcccc\"><td><a title=\"HIRSCHBACH\" href=\"\/hirschbach-namaz-vakitleri\">H\u0131rschbach<\/a><\/td><td><a title=\"HOCHEGG\" href=\"\/hochegg-namaz-vakitleri\">Hochegg<\/a><\/td><td><a title=\"HOCHST\" href=\"\/hochst-namaz-vakitleri\">Hochst<\/a><\/td><\/tr><tr><td><a title=\"HOHENEMS\" href=\"\/hohenems-namaz-vakitleri\">Hohenems<\/a><\/td><td><a title=\"HOLLABRUNN\" href=\"\/hollabrunn-namaz-vakitleri\">Hollabrunn<\/a><\/td><td><a title=\"HORBRANZ\" href=\"\/horbranz-namaz-vakitleri\">Horbranz<\/a><\/td><\/tr><tr bgcolor=\"#ffcccc\"><td><a title=\"HORN\" href=\"\/horn-namaz-vakitleri\">Horn<\/a><\/td><td><a title=\"IMST\" href=\"\/imst-namaz-vakitleri\">Imst<\/a><\/td><td><a title=\"IMSTERAU\" href=\"\/imsterau-namaz-vakitleri\">Imsterau<\/a><\/td><\/tr><tr><td><a title=\"IMSTERBERG\" href=\"\/imsterberg-namaz-vakitleri\">Imsterberg<\/a><\/td><td><a title=\"INNSBRUCK\" href=\"\/innsbruck-namaz-vakitleri\">Innsbruck<\/a><\/td><td><a title=\"JENBACH\" href=\"\/jenbach-namaz-vakitleri\">Jenbach<\/a><\/td><\/tr><tr bgcolor=\"#ffcccc\"><td><a title=\"JUDENBURG\" href=\"\/judenburg-namaz-vakitleri\">Judenburg<\/a><\/td><td><a title=\"KALTERNBRUNN (T)\" href=\"\/kalternbrunn-t-namaz-vakitleri\">Kalternbrunn (t)<\/a><\/td><td><a title=\"KAPFENBERG\" href=\"\/kapfenberg-namaz-vakitleri\">Kapfenberg<\/a><\/td><\/tr><tr><td><a title=\"KAPRUN\" href=\"\/kaprun-namaz-vakitleri\">Kaprun<\/a><\/td><td><a title=\"KINDBERG\" href=\"\/kindberg-namaz-vakitleri\">K\u0131ndberg<\/a><\/td><td><a title=\"KITZBUHEL\" href=\"\/kitzbuhel-namaz-vakitleri\">K\u0131tzbuhel<\/a><\/td><\/tr><tr bgcolor=\"#ffcccc\"><td><a title=\"KLAGENFURT\" href=\"\/klagenfurt-namaz-vakitleri\">Klagenfurt<\/a><\/td><td><a title=\"KLOSTERNEUBURG\" href=\"\/klosterneuburg-namaz-vakitleri\">Klosterneuburg<\/a><\/td><td><a title=\"KNITTELFELD\" href=\"\/knittelfeld-namaz-vakitleri\">Kn\u0131ttelfeld<\/a><\/td><\/tr><tr><td><a title=\"KOFLACH\" href=\"\/koflach-namaz-vakitleri\">Koflach<\/a><\/td><td><a title=\"KORNEUBURG\" href=\"\/korneuburg-namaz-vakitleri\">Korneuburg<\/a><\/td><td><a title=\"KREMS AN DER DONAU\" href=\"\/krems-an-der-donau-namaz-vakitleri\">Krems An Der Donau<\/a><\/td><\/tr><tr bgcolor=\"#ffcccc\"><td><a title=\"KREMSMUNSTER\" href=\"\/kremsmunster-namaz-vakitleri\">Kremsmunster<\/a><\/td><td><a title=\"KUFSTEIN\" href=\"\/kufstein-namaz-vakitleri\">Kufste\u0131n<\/a><\/td><td><a title=\"LAHN\" href=\"\/lahn-namaz-vakitleri\">Lahn<\/a><\/td><\/tr><tr><td><a title=\"LAMBACH (O)\" href=\"\/lambach-o-namaz-vakitleri\">Lambach (o)<\/a><\/td><td><a title=\"LANDECK\" href=\"\/landeck-namaz-vakitleri\">Landeck<\/a><\/td><td><a title=\"LAUFEN\" href=\"\/laufen-namaz-vakitleri\">Laufen<\/a><\/td><\/tr><tr bgcolor=\"#ffcccc\"><td><a title=\"LAUTERACH\" href=\"\/lauterach-namaz-vakitleri\">Lauterach<\/a><\/td><td><a title=\"LEIBNITZ\" href=\"\/leibnitz-namaz-vakitleri\">Le\u0131bn\u0131tz<\/a><\/td><td><a title=\"LEND\" href=\"\/lend-ezan-namaz-vakitleri\">Lend<\/a><\/td><\/tr><tr><td><a title=\"LEOBEN\" href=\"\/leoben-namaz-vakitleri\">Leoben<\/a><\/td><td><a title=\"LEONDING\" href=\"\/leonding-namaz-vakitleri\">Leond\u0131ng<\/a><\/td><td><a title=\"LIEZEN\" href=\"\/liezen-namaz-vakitleri\">L\u0131ezen<\/a><\/td><\/tr><tr bgcolor=\"#ffcccc\"><td><a title=\"LILIENFELD\" href=\"\/lilienfeld-namaz-vakitleri\">L\u0131l\u0131enfeld<\/a><\/td><td><a title=\"LINZ\" href=\"\/linz-namaz-vakitleri\">L\u0131nz<\/a><\/td><td><a title=\"LOBENAU\" href=\"\/lobenau-namaz-vakitleri\">Lobenau<\/a><\/td><\/tr><tr><td><a title=\"LUSTENAU\" href=\"\/lustenau-namaz-vakitleri\">Lustenau<\/a><\/td><td><a title=\"MARCHTRENK\" href=\"\/marchtrenk-namaz-vakitleri\">Marchtrenk<\/a><\/td><td><a title=\"MATTIGHOFEN\" href=\"\/mattighofen-namaz-vakitleri\">Matt\u0131ghofen<\/a><\/td><\/tr><tr bgcolor=\"#ffcccc\"><td><a title=\"MAUTHAUSEN\" href=\"\/mauthausen-namaz-vakitleri\">Mauthausen<\/a><\/td><td><a title=\"MELK\" href=\"\/melk-namaz-vakitleri\">Melk<\/a><\/td><td><a title=\"MICHELDORF AM KIENBERGE\" href=\"\/micheldorf-am-kienberge-namaz-vakitleri\">M\u0131cheldorf Am K\u0131enberge<\/a><\/td><\/tr><tr><td><a title=\"MISTELBACH AN DER ZAYA\" href=\"\/mistelbach-an-der-zaya-namaz-vakitleri\">M\u0131stelbach An Der Zaya<\/a><\/td><td><a title=\"MITTERSILL\" href=\"\/mittersill-namaz-vakitleri\">M\u0131tters\u0131ll<\/a><\/td><td><a title=\"MODLING\" href=\"\/modling-namaz-vakitleri\">Modl\u0131ng<\/a><\/td><\/tr><tr bgcolor=\"#ffcccc\"><td><a title=\"MODRIACH\" href=\"\/modriach-namaz-vakitleri\">Modr\u0131ach<\/a><\/td><td><a title=\"MONDSEE\" href=\"\/mondsee-namaz-vakitleri\">Mondsee<\/a><\/td><td><a title=\"MOOSBURG IN KARNTEN\" href=\"\/moosburg-in-karnten-namaz-vakitleri\">Moosburg In Karnten<\/a><\/td><\/tr><tr><td><a title=\"MOSCHENITZEN\" href=\"\/moschenitzen-namaz-vakitleri\">Moschen\u0131tzen<\/a><\/td><td><a title=\"MURZZUSCHLAG\" href=\"\/murzzuschlag-namaz-vakitleri\">Murzzuschlag<\/a><\/td><td><a title=\"NENZING\" href=\"\/nenzing-namaz-vakitleri\">Nenz\u0131ng<\/a><\/td><\/tr><tr bgcolor=\"#ffcccc\"><td><a title=\"NEUHOFEN (Salzburg)\" href=\"\/neuhofen-salzburg-namaz-vakitleri\">Neuhofen (salzburg)<\/a><\/td><td><a title=\"NEUSCHITZ\" href=\"\/neuschitz-namaz-vakitleri\">Neusch\u0131tz<\/a><\/td><td><a title=\"OBERPINSWANG\" href=\"\/oberpinswang-namaz-vakitleri\">Oberp\u0131nswang<\/a><\/td><\/tr><tr><td><a title=\"PESSENDELLACH\" href=\"\/pessendellach-namaz-vakitleri\">Pessendellach<\/a><\/td><td><a title=\"PRUTZ\" href=\"\/prutz-ezan-namaz-vakitleri\">Prutz<\/a><\/td><td><a title=\"PUSARNITZ\" href=\"\/pusarnitz-namaz-vakitleri\">Pusarn\u0131tz<\/a><\/td><\/tr><tr bgcolor=\"#ffcccc\"><td><a title=\"RANKWEIL\" href=\"\/rankweil-namaz-vakitleri\">Rankwe\u0131l<\/a><\/td><td><a title=\"RATTENBERG (T)\" href=\"\/rattenberg-t-namaz-vakitleri\">Rattenberg (t)<\/a><\/td><td><a title=\"REUTTE\" href=\"\/reutte-namaz-vakitleri\">Reutte<\/a><\/td><\/tr><tr><td><a title=\"RIED (S)\" href=\"\/ried-s-namaz-vakitleri\">R\u0131ed (s)<\/a><\/td><td><a title=\"RIED IM INNKREIS\" href=\"\/ried-im-innkreis-namaz-vakitleri\">R\u0131ed Im Innkre\u0131s<\/a><\/td><td><a title=\"RUM\" href=\"\/rum-namaz-vakitleri\">Rum<\/a><\/td><\/tr><tr bgcolor=\"#ffcccc\"><td><a title=\"S.VALENTIN (LINZ)\" href=\"\/s-valentin-linz-namaz-vakitleri\">S.valent\u0131n (l\u0131nz)<\/a><\/td><td><a title=\"SAALBACH\" href=\"\/saalbach-namaz-vakitleri\">Saalbach<\/a><\/td><td><a title=\"SAALFELDEN\" href=\"\/saalfelden-namaz-vakitleri\">Saalfelden<\/a><\/td><\/tr><tr><td><a title=\"SALZBURG\" href=\"\/salzburg-namaz-vakitleri\">Salzburg<\/a><\/td><td><a title=\"SANKT MARTIN (O)\" href=\"\/sankt-martin-o-namaz-vakitleri\">Sankt Mart\u0131n (o)<\/a><\/td><td><a title=\"SANKT MARTIN (Villach)\" href=\"\/sankt-martin-villach-namaz-vakitleri\">Sankt Mart\u0131n (villach)<\/a><\/td><\/tr><tr bgcolor=\"#ffcccc\"><td><a title=\"SANKT POLTEN\" href=\"\/sankt-polten-namaz-vakitleri\">Sankt Polten<\/a><\/td><td><a title=\"SCHRUNS\" href=\"\/schruns-namaz-vakitleri\">Schruns<\/a><\/td><td><a title=\"SCHWAZ\" href=\"\/schwaz-namaz-vakitleri\">Schwaz<\/a><\/td><\/tr><tr><td><a title=\"SEEBODEN\" href=\"\/seeboden-namaz-vakitleri\">Seeboden<\/a><\/td><td><a title=\"SPITTAL AN DER DRAU (Spittal)\" href=\"\/spittal-an-der-drau-spittal-namaz-vakitleri\">Sp\u0131ttal An Der Drau (spittal)<\/a><\/td><td><a title=\"SPRATZERN\" href=\"\/spratzern-namaz-vakitleri\">Spratzern<\/a><\/td><\/tr><tr bgcolor=\"#ffcccc\"><td><a title=\"ST. J. PONGAU\" href=\"\/st-j-pongau-namaz-vakitleri\">St. J. Pongau<\/a><\/td><td><a title=\"ST. JOHAN IN TIROL\" href=\"\/st-johan-in-tirol-namaz-vakitleri\">St. Johan In T\u0131rol<\/a><\/td><td><a title=\"ST. WOLFGANG\" href=\"\/st-wolfgang-namaz-vakitleri\">St. Wolfgang<\/a><\/td><\/tr><tr><td><a title=\"STEYR\" href=\"\/steyr-namaz-vakitleri\">Steyr<\/a><\/td><td><a title=\"STRASSWALCHEN\" href=\"\/strasswalchen-namaz-vakitleri\">Strasswalchen<\/a><\/td><td><a title=\"SULZAU (Wimm)\" href=\"\/sulzau-wimm-namaz-vakitleri\">Sulzau (wimm)<\/a><\/td><\/tr><tr bgcolor=\"#ffcccc\"><td><a title=\"TELFS\" href=\"\/telfs-ezan-namaz-vakitleri\">Telfs<\/a><\/td><td><a title=\"TERNITZ (FLATZ)\" href=\"\/ternitz-flatz-namaz-vakitleri\">Tern\u0131tz (flatz)<\/a><\/td><td><a title=\"TIMMLS\" href=\"\/timmls-namaz-vakitleri\">T\u0131mmls<\/a><\/td><\/tr><tr><td><a title=\"TRAUN\" href=\"\/traun-namaz-vakitleri\">Traun<\/a><\/td><td><a title=\"TULLN\" href=\"\/tulln-namaz-vakitleri\">Tulln<\/a><\/td><td><a title=\"VILLACH\" href=\"\/villach-namaz-vakitleri\">V\u0131llach<\/a><\/td><\/tr><tr bgcolor=\"#ffcccc\"><td><a title=\"VIYANA\" href=\"\/viyana-namaz-vakitleri\">V\u0131yana<\/a><\/td><td><a title=\"VOCKLABRUCK\" href=\"\/vocklabruck-namaz-vakitleri\">Vocklabruck<\/a><\/td><td><a title=\"VOITSBERG\" href=\"\/voitsberg-namaz-vakitleri\">Vo\u0131tsberg<\/a><\/td><\/tr><tr><td><a title=\"VOLKERMARKT\" href=\"\/volkermarkt-namaz-vakitleri\">Volkermarkt<\/a><\/td><td><a title=\"VOLS\" href=\"\/vols-namaz-vakitleri\">Vols<\/a><\/td><td><a title=\"WASSENBACH\" href=\"\/wassenbach-namaz-vakitleri\">Wassenbach<\/a><\/td><\/tr><tr bgcolor=\"#ffcccc\"><td><a title=\"WATTENS\" href=\"\/wattens-namaz-vakitleri\">Wattens<\/a><\/td><td><a title=\"WEITRA\" href=\"\/weitra-namaz-vakitleri\">We\u0131tra<\/a><\/td><td><a title=\"WEIZ\" href=\"\/weiz-namaz-vakitleri\">We\u0131z<\/a><\/td><\/tr><tr><td><a title=\"WELS\" href=\"\/wels-namaz-vakitleri\">Wels<\/a><\/td><td><a title=\"WIENER NEUSTADT\" href=\"\/wiener-neustadt-namaz-vakitleri\">W\u0131ener Neustadt<\/a><\/td><td><a title=\"WISPERNDORF\" href=\"\/wisperndorf-namaz-vakitleri\">W\u0131sperndorf<\/a><\/td><\/tr><tr bgcolor=\"#ffcccc\"><td><a title=\"WOLFSBERG (K)\" href=\"\/wolfsberg-k-namaz-vakitleri\">Wolfsberg (k)<\/a><\/td><td><a title=\"WOLFURT\" href=\"\/wolfurt-namaz-vakitleri\">Wolfurt<\/a><\/td><td><a title=\"WOLKERSDORF (N)\" href=\"\/wolkersdorf-n-namaz-vakitleri\">Wolkersdorf (n)<\/a><\/td><\/tr><tr><td><a title=\"WORGL\" href=\"\/worgl-namaz-vakitleri\">Worgl<\/a><\/td><td><a title=\"YPPS AN DER DONAU\" href=\"\/ypps-an-der-donau-namaz-vakitleri\">Ypps An Der Donau<\/a><\/td><td><a title=\"ZELL AM SEE\" href=\"\/zell-am-see-namaz-vakitleri\">Zell Am See<\/a><\/td><\/tr><tr bgcolor=\"#ffcccc\"><td><a title=\"ZELTWEG\" href=\"\/zeltweg-namaz-vakitleri\">Zeltweg<\/a><\/td><td><a title=\"ZIRL\" href=\"\/zirl-namaz-vakitleri\">Z\u0131rl<\/a><\/td><td><a title=\"ZURS\" href=\"\/zurs-namaz-vakitleri\">Zurs<\/a><\/td><\/tr><tr><td><a title=\"ZWETTL \" href=\"\/zwettl-namaz-vakitleri\">Zwettl<\/a><\/td><\/tr><\/tbody><\/table>\t\t\t\t\t\t\t\t<\/div>\n\t\t\t\t<\/div>\n\t\t\t\t\t<\/div>\n\t\t<\/div>\n\t\t\t\t\t<\/div>\n\t\t<\/section>\n\t\t\t\t<section class=\"elementor-section elementor-top-section elementor-element elementor-element-7632e8c7 elementor-section-content-bottom elementor-section-stretched elementor-hidden-desktop elementor-section-boxed elementor-section-height-default elementor-section-height-default\" data-id=\"7632e8c7\" data-element_type=\"section\" data-e-type=\"section\" data-settings=\"{&quot;stretch_section&quot;:&quot;section-stretched&quot;,&quot;sticky&quot;:&quot;bottom&quot;,&quot;sticky_on&quot;:[&quot;tablet&quot;,&quot;mobile&quot;],&quot;sticky_offset_mobile&quot;:1,&quot;sticky_offset&quot;:0,&quot;sticky_effects_offset&quot;:0,&quot;sticky_anchor_link_offset&quot;:0}\">\n\t\t\t\t\t\t<div class=\"elementor-container elementor-column-gap-no\">\n\t\t\t\t\t<div class=\"elementor-column elementor-col-100 elementor-top-column elementor-element elementor-element-6caa17a1\" data-id=\"6caa17a1\" data-element_type=\"column\" data-e-type=\"column\">\n\t\t\t<div class=\"elementor-widget-wrap elementor-element-populated\">\n\t\t\t\t\t\t<div class=\"elementor-element elementor-element-5a12cf17 elementor-align-justify elementor-widget elementor-widget-button\" data-id=\"5a12cf17\" data-element_type=\"widget\" data-e-type=\"widget\" data-widget_type=\"button.default\">\n\t\t\t\t<div class=\"elementor-widget-container\">\n\t\t\t\t\t\t\t\t\t<div class=\"elementor-button-wrapper\">\n\t\t\t\t\t<a class=\"elementor-button elementor-button-link elementor-size-md\" href=\"#\">\n\t\t\t\t\t\t<span class=\"elementor-button-content-wrapper\">\n\t\t\t\t\t\t\t\t\t<span class=\"elementor-button-text\"> &gt; Mitglied werden<\/span>\n\t\t\t\t\t<\/span>\n\t\t\t\t\t<\/a>\n\t\t\t\t<\/div>\n\t\t\t\t\t\t\t\t<\/div>\n\t\t\t\t<\/div>\n\t\t\t\t\t<\/div>\n\t\t<\/div>\n\t\t\t\t\t<\/div>\n\t\t<\/section>\n\t\t\t\t<\/div>\n\t\t","protected":false},"excerpt":{"rendered":"<p>\u00d6sterreichische Gebetszeiten Nach dem Diyanet-Kalender ist die \u00f6sterreichische Gebetszeiten-St\u00e4dteliste unten. Klicken Sie auf die \u00f6sterreichische Stadt, in der Sie Informationen zur Gebetszeit von Diyanet \u00d6sterreich sehen m\u00f6chten. Absam A\u0131nr\u0131ng Altmunster Amsteten Andorf Ansfelden Bad Go\u0131sern Bad Hall Bad Ischl Bad&#8230;<\/p>\n","protected":false},"author":2,"featured_media":0,"parent":0,"menu_order":0,"comment_status":"closed","ping_status":"closed","template":"","meta":{"inline_featured_image":false,"footnotes":""},"class_list":["post-989649","page","type-page","status-publish","hentry"],"_links":{"self":[{"href":"https:\/\/www.avusturyacenazefonu.at\/de\/wp-json\/wp\/v2\/pages\/989649","targetHints":{"allow":["GET"]}}],"collection":[{"href":"https:\/\/www.avusturyacenazefonu.at\/de\/wp-json\/wp\/v2\/pages"}],"about":[{"href":"https:\/\/www.avusturyacenazefonu.at\/de\/wp-json\/wp\/v2\/types\/page"}],"author":[{"embeddable":true,"href":"https:\/\/www.avusturyacenazefonu.at\/de\/wp-json\/wp\/v2\/users\/2"}],"replies":[{"embeddable":true,"href":"https:\/\/www.avusturyacenazefonu.at\/de\/wp-json\/wp\/v2\/comments?post=989649"}],"version-history":[{"count":20,"href":"https:\/\/www.avusturyacenazefonu.at\/de\/wp-json\/wp\/v2\/pages\/989649\/revisions"}],"predecessor-version":[{"id":1000620,"href":"https:\/\/www.avusturyacenazefonu.at\/de\/wp-json\/wp\/v2\/pages\/989649\/revisions\/1000620"}],"wp:attachment":[{"href":"https:\/\/www.avusturyacenazefonu.at\/de\/wp-json\/wp\/v2\/media?parent=989649"}],"curies":[{"name":"wp","href":"https:\/\/api.w.org\/{rel}","templated":true}]}}