{"id":989651,"date":"2022-05-09T12:25:45","date_gmt":"2022-05-09T10:25:45","guid":{"rendered":"https:\/\/dev.avusturyacenazefonu.at\/?page_id=989651"},"modified":"2023-04-11T14:48:25","modified_gmt":"2023-04-11T12:48:25","slug":"uber-uns","status":"publish","type":"page","link":"https:\/\/www.avusturyacenazefonu.at\/de\/uber-uns\/","title":{"rendered":"Uber uns"},"content":{"rendered":"\t\t<div data-elementor-type=\"wp-page\" data-elementor-id=\"989651\" class=\"elementor elementor-989651\" data-elementor-post-type=\"page\">\n\t\t\t\t\t\t<section class=\"elementor-section elementor-top-section elementor-element elementor-element-28eee78e elementor-section-boxed elementor-section-height-default elementor-section-height-default\" data-id=\"28eee78e\" data-element_type=\"section\" data-e-type=\"section\" data-settings=\"{&quot;background_background&quot;:&quot;slideshow&quot;,&quot;background_slideshow_gallery&quot;:[],&quot;background_slideshow_loop&quot;:&quot;yes&quot;,&quot;background_slideshow_slide_duration&quot;:5000,&quot;background_slideshow_slide_transition&quot;:&quot;fade&quot;,&quot;background_slideshow_transition_duration&quot;:500}\">\n\t\t\t\t\t\t<div class=\"elementor-container elementor-column-gap-default\">\n\t\t\t\t\t<div class=\"elementor-column elementor-col-50 elementor-top-column elementor-element elementor-element-7bfe2e56\" data-id=\"7bfe2e56\" data-element_type=\"column\" data-e-type=\"column\">\n\t\t\t<div class=\"elementor-widget-wrap elementor-element-populated\">\n\t\t\t\t\t\t<div class=\"elementor-element elementor-element-38062e1d elementor-widget elementor-widget-pix-badge\" data-id=\"38062e1d\" data-element_type=\"widget\" data-e-type=\"widget\" data-widget_type=\"pix-badge.default\">\n\t\t\t\t<div class=\"elementor-widget-container\">\n\t\t\t\t\t<div class=\"pix-element-div w-100 text-left\"><h6 class=\"pix-badge-element d-inline-block mr-1 \"  ><span class=\"badge font-weight-bold bg-primary-light  \" style=\" \"><span class=\"text-primary\" style=\"\">\u00dcber unseren Verein<\/span><\/span><\/h6><\/div>\t\t\t\t<\/div>\n\t\t\t\t<\/div>\n\t\t\t\t<div class=\"elementor-element elementor-element-cc0d500 elementor-widget elementor-widget-pix-sliding-text\" data-id=\"cc0d500\" data-element_type=\"widget\" data-e-type=\"widget\" data-widget_type=\"pix-sliding-text.default\">\n\t\t\t\t<div class=\"elementor-widget-container\">\n\t\t\t\t\t<div id=\"sliding-text-109340612\" class=\"mb-3 text-left \"><h2 class=\"mb-32 pix-sliding-headline font-weight-bold secondary-font\" data-class=\"secondary-font text-dark-opacity-8\" data-style=\"\">Avusturya Cenaze Fonu ist ein Verein.<\/h2><\/div>\t\t\t\t<\/div>\n\t\t\t\t<\/div>\n\t\t\t\t<div class=\"elementor-element elementor-element-2b81299a elementor-invisible elementor-widget elementor-widget-pix-text\" data-id=\"2b81299a\" data-element_type=\"widget\" data-e-type=\"widget\" data-widget_type=\"pix-text.default\">\n\t\t\t\t<div class=\"elementor-widget-container\">\n\t\t\t\t\t<div class=\"pix-el-text w-100 text-left \" ><p class=\"text-20  text-body-default text-left \" ><span class=\"text-body-default animate-in d-inline-block\" data-anim-delay=\"1200\" data-anim-type=\"fade-in-up\">Die \u00d6sterreichische Bestattungskasse ist ein Verein, der mit dem Ziel gegr\u00fcndet wurde, unseren heimatfern lebenden B\u00fcrgerinnen und B\u00fcrgern zu helfen, indem sie in ihren schwierigsten Zeiten f\u00fcr sie da sind, und das Gef\u00fchl der Zusammenarbeit und Solidarit\u00e4t im Ausland lebendig zu halten.<\/span><\/p><\/div>\t\t\t\t<\/div>\n\t\t\t\t<\/div>\n\t\t\t\t<section class=\"elementor-section elementor-inner-section elementor-element elementor-element-e76d0c2 elementor-section-boxed elementor-section-height-default elementor-section-height-default\" data-id=\"e76d0c2\" data-element_type=\"section\" data-e-type=\"section\">\n\t\t\t\t\t\t<div class=\"elementor-container elementor-column-gap-default\">\n\t\t\t\t\t<div class=\"elementor-column elementor-col-50 elementor-inner-column elementor-element elementor-element-c9bb7b7\" data-id=\"c9bb7b7\" data-element_type=\"column\" data-e-type=\"column\">\n\t\t\t<div class=\"elementor-widget-wrap elementor-element-populated\">\n\t\t\t\t\t\t<div class=\"elementor-element elementor-element-47e4bd4 elementor-widget__width-auto elementor-widget elementor-widget-pix-button\" data-id=\"47e4bd4\" data-element_type=\"widget\" data-e-type=\"widget\" data-widget_type=\"pix-button.default\">\n\t\t\t\t<div class=\"elementor-widget-container\">\n\t\t\t\t\t<a  href=\"\/de\/mitgliedsformular\/\" class=\"btn m-0     shadow-sm btn-primary d-inline-block      btn-lg\"     ><i class=\"font-weight-bold pixicon-user-3   mr-1\"><\/i> <span class=\"font-weight-bold \" >Melde dich auch an<\/span><\/a>\t\t\t\t<\/div>\n\t\t\t\t<\/div>\n\t\t\t\t\t<\/div>\n\t\t<\/div>\n\t\t\t\t<div class=\"elementor-column elementor-col-50 elementor-inner-column elementor-element elementor-element-dd0935e\" data-id=\"dd0935e\" data-element_type=\"column\" data-e-type=\"column\">\n\t\t\t<div class=\"elementor-widget-wrap elementor-element-populated\">\n\t\t\t\t\t\t<div class=\"elementor-element elementor-element-5b3c14d4 elementor-widget__width-auto elementor-widget elementor-widget-pix-button\" data-id=\"5b3c14d4\" data-element_type=\"widget\" data-e-type=\"widget\" data-widget_type=\"pix-button.default\">\n\t\t\t\t<div class=\"elementor-widget-container\">\n\t\t\t\t\t<a  href=\"#\" class=\"btn m-0     shadow-sm text-body-default btn-white d-inline-block      btn-lg\"     ><i class=\"font-weight-bold pixicon-phone   mr-1\"><\/i> <span class=\"font-weight-bold \" >Kontaktiere uns<\/span><\/a>\t\t\t\t<\/div>\n\t\t\t\t<\/div>\n\t\t\t\t\t<\/div>\n\t\t<\/div>\n\t\t\t\t\t<\/div>\n\t\t<\/section>\n\t\t\t\t\t<\/div>\n\t\t<\/div>\n\t\t\t\t<div class=\"elementor-column elementor-col-50 elementor-top-column elementor-element elementor-element-72907e01\" data-id=\"72907e01\" data-element_type=\"column\" data-e-type=\"column\" data-settings=\"{&quot;background_background&quot;:&quot;classic&quot;}\">\n\t\t\t<div class=\"elementor-widget-wrap elementor-element-populated\">\n\t\t\t\t\t\t<div class=\"elementor-element elementor-element-45a2e4d3 elementor-widget elementor-widget-image\" data-id=\"45a2e4d3\" data-element_type=\"widget\" data-e-type=\"widget\" data-widget_type=\"image.default\">\n\t\t\t\t<div class=\"elementor-widget-container\">\n\t\t\t\t\t\t\t\t\t\t\t\t\t\t\t<img fetchpriority=\"high\" decoding=\"async\" width=\"640\" height=\"644\" src=\"https:\/\/www.avusturyacenazefonu.at\/wp-content\/uploads\/2022\/05\/Card.png\" class=\"attachment-large size-large wp-image-988227\" alt=\"\" srcset=\"https:\/\/www.avusturyacenazefonu.at\/wp-content\/uploads\/2022\/05\/Card.png 750w, https:\/\/www.avusturyacenazefonu.at\/wp-content\/uploads\/2022\/05\/Card-298x300.png 298w, https:\/\/www.avusturyacenazefonu.at\/wp-content\/uploads\/2022\/05\/Card-150x150.png 150w, https:\/\/www.avusturyacenazefonu.at\/wp-content\/uploads\/2022\/05\/Card-75x75.png 75w\" sizes=\"(max-width: 640px) 100vw, 640px\" \/>\t\t\t\t\t\t\t\t\t\t\t\t\t\t\t<\/div>\n\t\t\t\t<\/div>\n\t\t\t\t\t<\/div>\n\t\t<\/div>\n\t\t\t\t\t<\/div>\n\t\t<\/section>\n\t\t\t\t<section class=\"elementor-section elementor-top-section elementor-element elementor-element-619face1 elementor-section-boxed elementor-section-height-default elementor-section-height-default\" data-id=\"619face1\" data-element_type=\"section\" data-e-type=\"section\">\n\t\t\t\t\t\t<div class=\"elementor-container elementor-column-gap-default\">\n\t\t\t\t\t<div class=\"elementor-column elementor-col-100 elementor-top-column elementor-element elementor-element-fab9000\" data-id=\"fab9000\" data-element_type=\"column\" data-e-type=\"column\">\n\t\t\t<div class=\"elementor-widget-wrap elementor-element-populated\">\n\t\t\t\t\t\t<div class=\"elementor-element elementor-element-73dc0279 elementor-widget elementor-widget-pix-badge\" data-id=\"73dc0279\" data-element_type=\"widget\" data-e-type=\"widget\" data-widget_type=\"pix-badge.default\">\n\t\t\t\t<div class=\"elementor-widget-container\">\n\t\t\t\t\t<div class=\"pix-element-div w-100 text-center\"><h6 class=\"pix-badge-element d-inline-block mr-1 \"  ><span class=\"badge font-weight-bold bg-primary-light  \" style=\" \"><span class=\"text-primary\" style=\"\">H\u00f6hepunkte von uns<\/span><\/span><\/h6><\/div>\t\t\t\t<\/div>\n\t\t\t\t<\/div>\n\t\t\t\t<div class=\"elementor-element elementor-element-72960ec8 elementor-widget elementor-widget-pix-sliding-text\" data-id=\"72960ec8\" data-element_type=\"widget\" data-e-type=\"widget\" data-widget_type=\"pix-sliding-text.default\">\n\t\t\t\t<div class=\"elementor-widget-container\">\n\t\t\t\t\t<div id=\"sliding-text-81378123\" class=\"mb-3 text-center \"><div class=\"d-inline-block\" style=\"max-width:800px;\"><h2 class=\"mb-32 pix-sliding-headline font-weight-bold secondary-font\" data-class=\"secondary-font text-heading-default\" data-style=\"\">Unser Ziel und unsere Perspektive..<\/h2><\/div><\/div>\t\t\t\t<\/div>\n\t\t\t\t<\/div>\n\t\t\t\t<div class=\"elementor-element elementor-element-39200b5c elementor-invisible elementor-widget elementor-widget-pix-text\" data-id=\"39200b5c\" data-element_type=\"widget\" data-e-type=\"widget\" data-widget_type=\"pix-text.default\">\n\t\t\t\t<div class=\"elementor-widget-container\">\n\t\t\t\t\t<div class=\"pix-el-text w-100 text-center \" ><div class=\"d-inline-block\" style=\"max-width:600px;\"><p class=\"text-20  text-body-default text-center \" ><span class=\"text-body-default animate-in d-inline-block\" data-anim-delay=\"1000\" data-anim-type=\"fade-in-up\">Seit \u00fcber 40 Jahren bilden die Mitglieder der Beerdigungshilfe eine Solidartit\u00e4tsgemeinschaft. 2016 ist die Mitgliederzahl auf 35.000 angestiegen<\/span><\/p><\/div><\/div>\t\t\t\t<\/div>\n\t\t\t\t<\/div>\n\t\t\t\t\t<\/div>\n\t\t<\/div>\n\t\t\t\t\t<\/div>\n\t\t<\/section>\n\t\t\t\t<section class=\"elementor-section elementor-top-section elementor-element elementor-element-56187420 elementor-section-boxed elementor-section-height-default elementor-section-height-default\" data-id=\"56187420\" data-element_type=\"section\" data-e-type=\"section\">\n\t\t\t\t\t\t<div class=\"elementor-container elementor-column-gap-default\">\n\t\t\t\t\t<div class=\"elementor-column elementor-col-33 elementor-top-column elementor-element elementor-element-3ddf0c80\" data-id=\"3ddf0c80\" data-element_type=\"column\" data-e-type=\"column\">\n\t\t\t<div class=\"elementor-widget-wrap elementor-element-populated\">\n\t\t\t\t\t\t<section class=\"elementor-section elementor-inner-section elementor-element elementor-element-3ae0da53 elementor-section-boxed elementor-section-height-default elementor-section-height-default\" data-id=\"3ae0da53\" data-element_type=\"section\" data-e-type=\"section\">\n\t\t\t\t\t\t<div class=\"elementor-container elementor-column-gap-default\">\n\t\t\t\t\t<div class=\"elementor-column elementor-col-100 elementor-inner-column elementor-element elementor-element-113f1284 animated-fast\" data-id=\"113f1284\" data-element_type=\"column\" data-e-type=\"column\" data-settings=\"{&quot;animation&quot;:&quot;none&quot;,&quot;animation_delay&quot;:400}\">\n\t\t\t<div class=\"elementor-widget-wrap elementor-element-populated\">\n\t\t\t\t\t\t<div class=\"elementor-element elementor-element-38b39967 elementor-widget elementor-widget-pix-feature\" data-id=\"38b39967\" data-element_type=\"widget\" data-e-type=\"widget\" data-widget_type=\"pix-feature.default\">\n\t\t\t\t<div class=\"elementor-widget-container\">\n\t\t\t\t\t<div id=\"duo-icon-23197517\" class=\"pix-feature-el text-center \"><div class=\"feature_img \"   style=\"width:80%;height:auto;display:inline-block;position:relative;\"><img decoding=\"async\" style=\"width:80%;height:80%;\" class=\"img-fluid2 pix-fit-cover2 pix-fit-contain  \" src=\"https:\/\/www.avusturyacenazefonu.at\/wp-content\/uploads\/2022\/05\/ACF.jpg\" alt=\"UNSERE AUFGABE\"><\/div><h5 class=\"font-weight-bold   text-heading-default \" style=\"padding-top:40px;\"  >UNSERE AUFGABE<\/h5><div class=\"text-body-default      \" style=\"padding-top:10px;\"  >Die \u00d6sterreichische Bestattungskasse wurde zum Zwecke der Aufbereitung, des Transports und der Bestattung der Leichen unserer Mitglieder, die sich innerhalb der Grenzen \u00d6sterreichs aufhalten, gem\u00e4\u00df den beh\u00f6rdlichen und religi\u00f6sen Verfahren errichtet; Es ist eine solidarische Organisation, die darauf abzielt, den Schmerz zu teilen und das Leid derjenigen zu lindern, die in diesem Prozess zur\u00fcckgelassen werden.<\/div><\/div>\t\t\t\t<\/div>\n\t\t\t\t<\/div>\n\t\t\t\t\t<\/div>\n\t\t<\/div>\n\t\t\t\t\t<\/div>\n\t\t<\/section>\n\t\t\t\t\t<\/div>\n\t\t<\/div>\n\t\t\t\t<div class=\"elementor-column elementor-col-33 elementor-top-column elementor-element elementor-element-65a4b2ac bg-white shadow shadow-hover-sm fly-sm rounded-10 \" data-id=\"65a4b2ac\" data-element_type=\"column\" data-e-type=\"column\">\n\t\t\t<div class=\"elementor-widget-wrap elementor-element-populated\">\n\t\t\t\t\t\t<section class=\"elementor-section elementor-inner-section elementor-element elementor-element-6882a656 elementor-section-boxed elementor-section-height-default elementor-section-height-default\" data-id=\"6882a656\" data-element_type=\"section\" data-e-type=\"section\">\n\t\t\t\t\t\t<div class=\"elementor-container elementor-column-gap-default\">\n\t\t\t\t\t<div class=\"elementor-column elementor-col-100 elementor-inner-column elementor-element elementor-element-7e2d8150 animated-fast\" data-id=\"7e2d8150\" data-element_type=\"column\" data-e-type=\"column\" data-settings=\"{&quot;animation&quot;:&quot;none&quot;,&quot;animation_delay&quot;:400}\">\n\t\t\t<div class=\"elementor-widget-wrap elementor-element-populated\">\n\t\t\t\t\t\t<div class=\"elementor-element elementor-element-47734d76 elementor-widget elementor-widget-pix-feature\" data-id=\"47734d76\" data-element_type=\"widget\" data-e-type=\"widget\" data-widget_type=\"pix-feature.default\">\n\t\t\t\t<div class=\"elementor-widget-container\">\n\t\t\t\t\t<div id=\"duo-icon-57420868\" class=\"pix-feature-el text-center \"><div class=\"feature_img \"   style=\"width:80%;height:auto;display:inline-block;position:relative;\"><img decoding=\"async\" style=\"width:80%;height:80%;\" class=\"img-fluid2 pix-fit-cover2 pix-fit-contain  \" src=\"https:\/\/www.avusturyacenazefonu.at\/wp-content\/uploads\/2022\/05\/ggdssa.jpg\" alt=\"UNSERE VISION\"><\/div><h5 class=\"font-weight-bold   text-heading-default \" style=\"padding-top:40px;\"  >UNSERE VISION<\/h5><div class=\"text-body-default      \" style=\"padding-top:10px;\"  >Mit dem Ziel, die Probleme zu l\u00f6sen, die in Todesf\u00e4llen auftreten k\u00f6nnen, l\u00f6st unsere Organisation, die in jeder Hinsicht mit der Familie und den Angeh\u00f6rigen verbunden ist, die Probleme professionell mit ihren schnellen und stets zuverl\u00e4ssigen Dienstleistungen und ist bestrebt, Dienstleistungen zu erbringen, ohne Details zu \u00fcberspringen mit seiner Erfahrung von mehr als 40 Jahren, wird mit Ihrer Unterst\u00fctzung auch weiterhin der Beste auf seinem Gebiet sein. .<\/div><\/div>\t\t\t\t<\/div>\n\t\t\t\t<\/div>\n\t\t\t\t\t<\/div>\n\t\t<\/div>\n\t\t\t\t\t<\/div>\n\t\t<\/section>\n\t\t\t\t\t<\/div>\n\t\t<\/div>\n\t\t\t\t<div class=\"elementor-column elementor-col-33 elementor-top-column elementor-element elementor-element-553eed3f\" data-id=\"553eed3f\" data-element_type=\"column\" data-e-type=\"column\">\n\t\t\t<div class=\"elementor-widget-wrap elementor-element-populated\">\n\t\t\t\t\t\t<section class=\"elementor-section elementor-inner-section elementor-element elementor-element-16605e27 elementor-section-boxed elementor-section-height-default elementor-section-height-default\" data-id=\"16605e27\" data-element_type=\"section\" data-e-type=\"section\">\n\t\t\t\t\t\t<div class=\"elementor-container elementor-column-gap-default\">\n\t\t\t\t\t<div class=\"elementor-column elementor-col-100 elementor-inner-column elementor-element elementor-element-4e9684f1 animated-fast\" data-id=\"4e9684f1\" data-element_type=\"column\" data-e-type=\"column\" data-settings=\"{&quot;animation&quot;:&quot;none&quot;,&quot;animation_delay&quot;:400}\">\n\t\t\t<div class=\"elementor-widget-wrap elementor-element-populated\">\n\t\t\t\t\t\t<div class=\"elementor-element elementor-element-1e2df20d elementor-widget elementor-widget-pix-feature\" data-id=\"1e2df20d\" data-element_type=\"widget\" data-e-type=\"widget\" data-widget_type=\"pix-feature.default\">\n\t\t\t\t<div class=\"elementor-widget-container\">\n\t\t\t\t\t<div id=\"duo-icon-29553451\" class=\"pix-feature-el text-center \"><div class=\"feature_img \"   style=\"width:80%;height:auto;display:inline-block;position:relative;\"><img decoding=\"async\" style=\"width:80%;height:80%;\" class=\"img-fluid2 pix-fit-cover2 pix-fit-contain  \" src=\"https:\/\/www.avusturyacenazefonu.at\/wp-content\/uploads\/2022\/05\/basin.jpg\" alt=\"UNSERE WERTE\"><\/div><h5 class=\"font-weight-bold   text-heading-default \" style=\"padding-top:40px;\"  >UNSERE WERTE<\/h5><div class=\"text-body-default      \" style=\"padding-top:10px;\"  >Seit seiner Gr\u00fcndung hat es immer den besten, professionellen und schnellen Service geboten; immer bem\u00fcht, mit Ehrlichkeit und Offenheit den besten Service zu bieten; Eine Organisation zu sein, die sich ihrer Verantwortung bewusst ist und ihre Mitglieder als deren Freunde betrachtet, ist f\u00fcr uns als \u00d6sterreichische Bestattungskasse einer der gr\u00f6\u00dften Stolze.<\/div><\/div>\t\t\t\t<\/div>\n\t\t\t\t<\/div>\n\t\t\t\t\t<\/div>\n\t\t<\/div>\n\t\t\t\t\t<\/div>\n\t\t<\/section>\n\t\t\t\t\t<\/div>\n\t\t<\/div>\n\t\t\t\t\t<\/div>\n\t\t<\/section>\n\t\t\t\t<section class=\"elementor-section elementor-top-section elementor-element elementor-element-420ecc11 elementor-section-boxed elementor-section-height-default elementor-section-height-default\" data-id=\"420ecc11\" data-element_type=\"section\" data-e-type=\"section\">\n\t\t\t\t\t\t<div class=\"elementor-container elementor-column-gap-default\">\n\t\t\t\t\t<div class=\"elementor-column elementor-col-100 elementor-top-column elementor-element elementor-element-219e89d6\" data-id=\"219e89d6\" data-element_type=\"column\" data-e-type=\"column\">\n\t\t\t<div class=\"elementor-widget-wrap elementor-element-populated\">\n\t\t\t\t\t\t<div class=\"elementor-element elementor-element-46dbee3 elementor-widget elementor-widget-spacer\" data-id=\"46dbee3\" data-element_type=\"widget\" data-e-type=\"widget\" data-widget_type=\"spacer.default\">\n\t\t\t\t<div class=\"elementor-widget-container\">\n\t\t\t\t\t\t\t<div class=\"elementor-spacer\">\n\t\t\t<div class=\"elementor-spacer-inner\"><\/div>\n\t\t<\/div>\n\t\t\t\t\t\t<\/div>\n\t\t\t\t<\/div>\n\t\t\t\t<div class=\"elementor-element elementor-element-a7614c7 elementor-widget elementor-widget-pix-badge\" data-id=\"a7614c7\" data-element_type=\"widget\" data-e-type=\"widget\" data-widget_type=\"pix-badge.default\">\n\t\t\t\t<div class=\"elementor-widget-container\">\n\t\t\t\t\t<div class=\"pix-element-div w-100 text-center\"><h6 class=\"pix-badge-element d-inline-block mr-1 \"  ><span class=\"badge font-weight-bold bg-primary-light  \" style=\" \"><span class=\"text-primary\" style=\"\">Unser Verband in Zahlen<\/span><\/span><\/h6><\/div>\t\t\t\t<\/div>\n\t\t\t\t<\/div>\n\t\t\t\t<div class=\"elementor-element elementor-element-3862090 elementor-invisible elementor-widget elementor-widget-pix-text\" data-id=\"3862090\" data-element_type=\"widget\" data-e-type=\"widget\" data-widget_type=\"pix-text.default\">\n\t\t\t\t<div class=\"elementor-widget-container\">\n\t\t\t\t\t<div class=\"pix-el-text w-100 text-center \" ><p class=\"  text-body-default text-center \" ><span class=\"text-body-default animate-in d-inline-block\" data-anim-delay=\"1200\" data-anim-type=\"fade-in-up\">Bei einem Sterbefall in \u00d6sterreich werden s\u00e4mtliche Amtswege\nvon uns erledigt und die \u00dcberf\u00fchrung an den gew\u00fcnschten Ort vorgenommen.\nDie Kosten f\u00fcr den Flug einer Begleitperson werden zus\u00e4tzlich \u00fcbernommen.<\/span><\/p><\/div>\t\t\t\t<\/div>\n\t\t\t\t<\/div>\n\t\t\t\t<section class=\"elementor-section elementor-inner-section elementor-element elementor-element-2da1ab15 elementor-section-boxed elementor-section-height-default elementor-section-height-default\" data-id=\"2da1ab15\" data-element_type=\"section\" data-e-type=\"section\">\n\t\t\t\t\t\t<div class=\"elementor-container elementor-column-gap-default\">\n\t\t\t\t\t<div class=\"elementor-column elementor-col-33 elementor-inner-column elementor-element elementor-element-608f42c\" data-id=\"608f42c\" data-element_type=\"column\" data-e-type=\"column\">\n\t\t\t<div class=\"elementor-widget-wrap elementor-element-populated\">\n\t\t\t\t\t\t<div class=\"elementor-element elementor-element-c46bb28 elementor-widget elementor-widget-pix-numbers\" data-id=\"c46bb28\" data-element_type=\"widget\" data-e-type=\"widget\" data-widget_type=\"pix-numbers.default\">\n\t\t\t\t<div class=\"elementor-widget-container\">\n\t\t\t\t\t<div class=\"pix_numbers animate-math \"><div><h1 class=\"align-self-center text-left display-3\"><span class=\"font-weight-bold text-heading-default\" style=\"\">+<\/span><span class=\"number font-weight-bold text-heading-default\" style=\"\" data-duration=\"3000\" data-to=\"25\">0<\/span><span class=\"font-weight-bold text-heading-default\" style=\"\"><\/span><\/h1><\/div><div class=\"w-100 text-left\"><h6 class=\"mt-0 text-heading-default font-weight-bold\" style=\"\">Aktive Jahre<\/h6><\/div><\/div>\n\t\t\t\t<\/div>\n\t\t\t\t<\/div>\n\t\t\t\t\t<\/div>\n\t\t<\/div>\n\t\t\t\t<div class=\"elementor-column elementor-col-33 elementor-inner-column elementor-element elementor-element-07f6666\" data-id=\"07f6666\" data-element_type=\"column\" data-e-type=\"column\">\n\t\t\t<div class=\"elementor-widget-wrap elementor-element-populated\">\n\t\t\t\t\t\t<div class=\"elementor-element elementor-element-3e39038 elementor-widget elementor-widget-pix-numbers\" data-id=\"3e39038\" data-element_type=\"widget\" data-e-type=\"widget\" data-widget_type=\"pix-numbers.default\">\n\t\t\t\t<div class=\"elementor-widget-container\">\n\t\t\t\t\t<div class=\"pix_numbers animate-math \"><div><h1 class=\"align-self-center text-left display-3\"><span class=\"font-weight-bold text-heading-default\" style=\"\">+<\/span><span class=\"number font-weight-bold text-heading-default\" style=\"\" data-duration=\"3000\" data-to=\"100\">0<\/span><span class=\"font-weight-bold text-heading-default\" style=\"\"><\/span><\/h1><\/div><div class=\"w-100 text-left\"><h6 class=\"mt-0 text-heading-default font-weight-bold\" style=\"\">Hunderte von Bestattungssendungen<\/h6><\/div><\/div>\n\t\t\t\t<\/div>\n\t\t\t\t<\/div>\n\t\t\t\t\t<\/div>\n\t\t<\/div>\n\t\t\t\t<div class=\"elementor-column elementor-col-33 elementor-inner-column elementor-element elementor-element-2b8bfef9\" data-id=\"2b8bfef9\" data-element_type=\"column\" data-e-type=\"column\">\n\t\t\t<div class=\"elementor-widget-wrap elementor-element-populated\">\n\t\t\t\t\t\t<div class=\"elementor-element elementor-element-62ba290c elementor-widget elementor-widget-pix-numbers\" data-id=\"62ba290c\" data-element_type=\"widget\" data-e-type=\"widget\" data-widget_type=\"pix-numbers.default\">\n\t\t\t\t<div class=\"elementor-widget-container\">\n\t\t\t\t\t<div class=\"pix_numbers animate-math \"><div><h1 class=\"align-self-center text-left display-3\"><span class=\"font-weight-bold text-heading-default\" style=\"\">+<\/span><span class=\"number font-weight-bold text-heading-default\" style=\"\" data-duration=\"3000\" data-to=\"46\">0<\/span><span class=\"font-weight-bold text-heading-default\" style=\"\">Tsd<\/span><\/h1><\/div><div class=\"w-100 text-left\"><h6 class=\"mt-0 text-heading-default font-weight-bold\" style=\"\">Registrierte Miitglieder<\/h6><\/div><\/div>\n\t\t\t\t<\/div>\n\t\t\t\t<\/div>\n\t\t\t\t\t<\/div>\n\t\t<\/div>\n\t\t\t\t\t<\/div>\n\t\t<\/section>\n\t\t\t\t\t<\/div>\n\t\t<\/div>\n\t\t\t\t\t<\/div>\n\t\t<\/section>\n\t\t\t\t<section class=\"elementor-section elementor-top-section elementor-element elementor-element-152c1ce3 elementor-section-content-bottom elementor-section-stretched elementor-hidden-desktop elementor-section-boxed elementor-section-height-default elementor-section-height-default\" data-id=\"152c1ce3\" data-element_type=\"section\" data-e-type=\"section\" data-settings=\"{&quot;stretch_section&quot;:&quot;section-stretched&quot;,&quot;sticky&quot;:&quot;bottom&quot;,&quot;sticky_on&quot;:[&quot;tablet&quot;,&quot;mobile&quot;],&quot;sticky_offset_mobile&quot;:1,&quot;sticky_offset&quot;:0,&quot;sticky_effects_offset&quot;:0,&quot;sticky_anchor_link_offset&quot;:0}\">\n\t\t\t\t\t\t<div class=\"elementor-container elementor-column-gap-no\">\n\t\t\t\t\t<div class=\"elementor-column elementor-col-100 elementor-top-column elementor-element elementor-element-16be4a16\" data-id=\"16be4a16\" data-element_type=\"column\" data-e-type=\"column\">\n\t\t\t<div class=\"elementor-widget-wrap elementor-element-populated\">\n\t\t\t\t\t\t<div class=\"elementor-element elementor-element-64a24c65 elementor-align-justify elementor-widget elementor-widget-button\" data-id=\"64a24c65\" data-element_type=\"widget\" data-e-type=\"widget\" data-widget_type=\"button.default\">\n\t\t\t\t<div class=\"elementor-widget-container\">\n\t\t\t\t\t\t\t\t\t<div class=\"elementor-button-wrapper\">\n\t\t\t\t\t<a class=\"elementor-button elementor-button-link elementor-size-md\" href=\"\/de\/mitgliedsformular\/\">\n\t\t\t\t\t\t<span class=\"elementor-button-content-wrapper\">\n\t\t\t\t\t\t\t\t\t<span class=\"elementor-button-text\"> &gt; Mitglied werden<\/span>\n\t\t\t\t\t<\/span>\n\t\t\t\t\t<\/a>\n\t\t\t\t<\/div>\n\t\t\t\t\t\t\t\t<\/div>\n\t\t\t\t<\/div>\n\t\t\t\t\t<\/div>\n\t\t<\/div>\n\t\t\t\t\t<\/div>\n\t\t<\/section>\n\t\t\t\t<\/div>\n\t\t","protected":false},"excerpt":{"rendered":"<p>\u00dcber unseren Verein Avusturya Cenaze Fonu ist ein Verein. Die \u00d6sterreichische Bestattungskasse ist ein Verein, der mit dem Ziel gegr\u00fcndet wurde, unseren heimatfern lebenden B\u00fcrgerinnen und B\u00fcrgern zu helfen, indem sie in ihren schwierigsten Zeiten f\u00fcr sie da sind, und&#8230;<\/p>\n","protected":false},"author":2,"featured_media":0,"parent":0,"menu_order":0,"comment_status":"closed","ping_status":"closed","template":"","meta":{"inline_featured_image":false,"footnotes":""},"class_list":["post-989651","page","type-page","status-publish","hentry"],"_links":{"self":[{"href":"https:\/\/www.avusturyacenazefonu.at\/de\/wp-json\/wp\/v2\/pages\/989651","targetHints":{"allow":["GET"]}}],"collection":[{"href":"https:\/\/www.avusturyacenazefonu.at\/de\/wp-json\/wp\/v2\/pages"}],"about":[{"href":"https:\/\/www.avusturyacenazefonu.at\/de\/wp-json\/wp\/v2\/types\/page"}],"author":[{"embeddable":true,"href":"https:\/\/www.avusturyacenazefonu.at\/de\/wp-json\/wp\/v2\/users\/2"}],"replies":[{"embeddable":true,"href":"https:\/\/www.avusturyacenazefonu.at\/de\/wp-json\/wp\/v2\/comments?post=989651"}],"version-history":[{"count":25,"href":"https:\/\/www.avusturyacenazefonu.at\/de\/wp-json\/wp\/v2\/pages\/989651\/revisions"}],"predecessor-version":[{"id":991681,"href":"https:\/\/www.avusturyacenazefonu.at\/de\/wp-json\/wp\/v2\/pages\/989651\/revisions\/991681"}],"wp:attachment":[{"href":"https:\/\/www.avusturyacenazefonu.at\/de\/wp-json\/wp\/v2\/media?parent=989651"}],"curies":[{"name":"wp","href":"https:\/\/api.w.org\/{rel}","templated":true}]}}