{"id":989653,"date":"2022-05-09T12:50:46","date_gmt":"2022-05-09T10:50:46","guid":{"rendered":"https:\/\/dev.avusturyacenazefonu.at\/?page_id=989653"},"modified":"2023-05-02T14:50:22","modified_gmt":"2023-05-02T12:50:22","slug":"unser-team","status":"publish","type":"page","link":"https:\/\/www.avusturyacenazefonu.at\/de\/unser-team\/","title":{"rendered":"Unser Team"},"content":{"rendered":"\t\t<div data-elementor-type=\"wp-page\" data-elementor-id=\"989653\" class=\"elementor elementor-989653\" data-elementor-post-type=\"page\">\n\t\t\t\t\t\t<section class=\"elementor-section elementor-top-section elementor-element elementor-element-7c78dbbc elementor-section-boxed elementor-section-height-default elementor-section-height-default\" data-id=\"7c78dbbc\" data-element_type=\"section\" data-e-type=\"section\" data-settings=\"{&quot;background_background&quot;:&quot;classic&quot;}\">\n\t\t\t\t\t\t<div class=\"elementor-container elementor-column-gap-default\">\n\t\t\t\t\t<div class=\"elementor-column elementor-col-100 elementor-top-column elementor-element elementor-element-5397720c\" data-id=\"5397720c\" data-element_type=\"column\" data-e-type=\"column\">\n\t\t\t<div class=\"elementor-widget-wrap elementor-element-populated\">\n\t\t\t\t\t\t<div class=\"elementor-element elementor-element-1d29086 elementor-widget elementor-widget-pix-badge\" data-id=\"1d29086\" data-element_type=\"widget\" data-e-type=\"widget\" data-widget_type=\"pix-badge.default\">\n\t\t\t\t<div class=\"elementor-widget-container\">\n\t\t\t\t\t<div class=\"pix-element-div w-100 text-center\"><h6 class=\"pix-badge-element d-inline-block mr-1 \"  ><span class=\"badge font-weight-bold bg-primary-light  \" style=\" \"><span class=\"text-primary\" style=\"\">Unser Management und Team<\/span><\/span><\/h6><\/div>\t\t\t\t<\/div>\n\t\t\t\t<\/div>\n\t\t\t\t<div class=\"elementor-element elementor-element-7f4675c5 elementor-widget elementor-widget-pix-sliding-text\" data-id=\"7f4675c5\" data-element_type=\"widget\" data-e-type=\"widget\" data-widget_type=\"pix-sliding-text.default\">\n\t\t\t\t<div class=\"elementor-widget-container\">\n\t\t\t\t\t<div id=\"sliding-text-122589820\" class=\"mb-3 text-center \"><h2 class=\"mb-32 pix-sliding-headline font-weight-bold secondary-font\" data-class=\"secondary-font text-heading-default\" data-style=\"\">Triff unser Team<\/h2><\/div>\t\t\t\t<\/div>\n\t\t\t\t<\/div>\n\t\t\t\t<div class=\"elementor-element elementor-element-3aeaeb57 elementor-invisible elementor-widget elementor-widget-pix-text\" data-id=\"3aeaeb57\" data-element_type=\"widget\" data-e-type=\"widget\" data-widget_type=\"pix-text.default\">\n\t\t\t\t<div class=\"elementor-widget-container\">\n\t\t\t\t\t<div class=\"pix-el-text w-100 text-center \" ><div class=\"d-inline-block\" style=\"max-width:600px;\"><p class=\"text-18 m-0 text-body-default text-center \" ><span class=\"text-body-default animate-in d-inline-block\" data-anim-delay=\"600\" data-anim-type=\"fade-in-up\">Avusturya Cenaze Fonu<\/span><\/p><\/div><\/div>\t\t\t\t<\/div>\n\t\t\t\t<\/div>\n\t\t\t\t<section class=\"elementor-section elementor-inner-section elementor-element elementor-element-1822e5f5 elementor-section-boxed elementor-section-height-default elementor-section-height-default\" data-id=\"1822e5f5\" data-element_type=\"section\" data-e-type=\"section\">\n\t\t\t\t\t\t<div class=\"elementor-container elementor-column-gap-default\">\n\t\t\t\t\t<div class=\"elementor-column elementor-col-33 elementor-inner-column elementor-element elementor-element-2341503\" data-id=\"2341503\" data-element_type=\"column\" data-e-type=\"column\">\n\t\t\t<div class=\"elementor-widget-wrap elementor-element-populated\">\n\t\t\t\t\t\t<div class=\"elementor-element elementor-element-c166e89 elementor-invisible elementor-widget elementor-widget-pix-team-member-circle\" data-id=\"c166e89\" data-element_type=\"widget\" data-e-type=\"widget\" data-widget_type=\"pix-team-member-circle.default\">\n\t\t\t\t<div class=\"elementor-widget-container\">\n\t\t\t\t\t<div class=\" text-center animate-in\" style=\"position:relative\" data-anim-type=\"fade-in-up\" data-anim-delay=\"0\"><div class=\"card-body text-center\"><div class=\"mb-2\" ><div class=\"animate-in d-inline-block\" data-anim-type=\"fade-in-up\" data-anim-delay=\"0\"><div class=\"pix-story d-inline-block \"  ><div class=\"story-img pix-bg-attachment-scroll pix-bg-custom pix-no-bg center d-inline-block\" ><img decoding=\"async\" width=\"150\" height=\"150\" src=\"https:\/\/www.avusturyacenazefonu.at\/wp-content\/uploads\/2022\/05\/Mansur_yilmaz_avusturya_cenaze_fonu-150x150-1.png\" class=\"rounded-circle bg-white pix-fit-cover img-fluid hover-effect \" alt=\"Mansur Y\u0131lmaz\" style=\"width:160px;height:160px;\" srcset=\"https:\/\/www.avusturyacenazefonu.at\/wp-content\/uploads\/2022\/05\/Mansur_yilmaz_avusturya_cenaze_fonu-150x150-1.png 150w, https:\/\/www.avusturyacenazefonu.at\/wp-content\/uploads\/2022\/05\/Mansur_yilmaz_avusturya_cenaze_fonu-150x150-1-75x75.png 75w\" sizes=\"(max-width: 150px) 100vw, 150px\" \/><\/div><\/div><\/div><\/div><div class=\"text-center\"><h5 class=\"pix-member-name card-title mb-3 font-weight-bold   text-heading-default animate-in\" style=\"\" data-anim-type=\"fade-in-up\" data-anim-delay=\"0\">Mansur Y\u0131lmaz<\/h5><h6 class=\"pix-member-title mb-3 font-weight-bold   text-body-default animate-in\" style=\"\" data-anim-type=\"fade-in-up\" data-anim-delay=\"100\"><strong>Vorsitzender\/Ba\u015fkan<\/strong><\/h6><\/div><\/div><\/div>\t\t\t\t<\/div>\n\t\t\t\t<\/div>\n\t\t\t\t\t<\/div>\n\t\t<\/div>\n\t\t\t\t<div class=\"elementor-column elementor-col-33 elementor-inner-column elementor-element elementor-element-64f26c7d\" data-id=\"64f26c7d\" data-element_type=\"column\" data-e-type=\"column\">\n\t\t\t<div class=\"elementor-widget-wrap elementor-element-populated\">\n\t\t\t\t\t\t<div class=\"elementor-element elementor-element-77f1b23d elementor-invisible elementor-widget elementor-widget-pix-team-member-circle\" data-id=\"77f1b23d\" data-element_type=\"widget\" data-e-type=\"widget\" data-widget_type=\"pix-team-member-circle.default\">\n\t\t\t\t<div class=\"elementor-widget-container\">\n\t\t\t\t\t<div class=\" text-center animate-in\" style=\"position:relative\" data-anim-type=\"fade-in-up\" data-anim-delay=\"0\"><div class=\"card-body text-center\"><div class=\"mb-2\" ><div class=\"animate-in d-inline-block\" data-anim-type=\"fade-in-up\" data-anim-delay=\"0\"><div class=\"pix-story d-inline-block \"  ><div class=\"story-img pix-bg-attachment-scroll pix-bg-custom pix-no-bg center d-inline-block\" ><img decoding=\"async\" width=\"150\" height=\"150\" src=\"https:\/\/www.avusturyacenazefonu.at\/wp-content\/uploads\/2022\/05\/Volkan_akin_bey-150x150-1.png\" class=\"rounded-circle bg-white pix-fit-cover img-fluid hover-effect \" alt=\"Volkan Ak\u0131n\" style=\"width:160px;height:160px;\" srcset=\"https:\/\/www.avusturyacenazefonu.at\/wp-content\/uploads\/2022\/05\/Volkan_akin_bey-150x150-1.png 150w, https:\/\/www.avusturyacenazefonu.at\/wp-content\/uploads\/2022\/05\/Volkan_akin_bey-150x150-1-75x75.png 75w\" sizes=\"(max-width: 150px) 100vw, 150px\" \/><\/div><\/div><\/div><\/div><div class=\"text-center\"><h5 class=\"pix-member-name card-title mb-3 font-weight-bold   text-heading-default animate-in\" style=\"\" data-anim-type=\"fade-in-up\" data-anim-delay=\"0\">Volkan Ak\u0131n<\/h5><h6 class=\"pix-member-title mb-3 font-weight-bold   text-body-default animate-in\" style=\"\" data-anim-type=\"fade-in-up\" data-anim-delay=\"100\"><strong>Stellv. Vorsitzender\/Ba\u015fkan Yard\u0131mc\u0131s\u0131<\/strong><\/h6><\/div><\/div><\/div>\t\t\t\t<\/div>\n\t\t\t\t<\/div>\n\t\t\t\t\t<\/div>\n\t\t<\/div>\n\t\t\t\t<div class=\"elementor-column elementor-col-33 elementor-inner-column elementor-element elementor-element-582903c\" data-id=\"582903c\" data-element_type=\"column\" data-e-type=\"column\">\n\t\t\t<div class=\"elementor-widget-wrap elementor-element-populated\">\n\t\t\t\t\t\t<div class=\"elementor-element elementor-element-4ae1d3f elementor-invisible elementor-widget elementor-widget-pix-team-member-circle\" data-id=\"4ae1d3f\" data-element_type=\"widget\" data-e-type=\"widget\" data-widget_type=\"pix-team-member-circle.default\">\n\t\t\t\t<div class=\"elementor-widget-container\">\n\t\t\t\t\t<div class=\" text-center animate-in\" style=\"position:relative\" data-anim-type=\"fade-in-up\" data-anim-delay=\"0\"><div class=\"card-body text-center\"><div class=\"mb-2\" ><div class=\"animate-in d-inline-block\" data-anim-type=\"fade-in-up\" data-anim-delay=\"0\"><div class=\"pix-story d-inline-block \"  ><div class=\"story-img pix-bg-attachment-scroll pix-bg-custom pix-no-bg center d-inline-block\" ><img decoding=\"async\" width=\"150\" height=\"150\" src=\"https:\/\/www.avusturyacenazefonu.at\/wp-content\/uploads\/2023\/05\/ewfwe.png\" class=\"rounded-circle bg-white pix-fit-cover img-fluid hover-effect \" alt=\"K\u00fcr\u015fat B\u0131\u00e7akc\u0131\" style=\"width:160px;height:160px;\" srcset=\"https:\/\/www.avusturyacenazefonu.at\/wp-content\/uploads\/2023\/05\/ewfwe.png 150w, https:\/\/www.avusturyacenazefonu.at\/wp-content\/uploads\/2023\/05\/ewfwe-75x75.png 75w\" sizes=\"(max-width: 150px) 100vw, 150px\" \/><\/div><\/div><\/div><\/div><div class=\"text-center\"><h5 class=\"pix-member-name card-title mb-3 font-weight-bold   text-heading-default animate-in\" style=\"\" data-anim-type=\"fade-in-up\" data-anim-delay=\"0\">K\u00fcr\u015fat B\u0131\u00e7akc\u0131<\/h5><h6 class=\"pix-member-title mb-3 font-weight-bold   text-body-default animate-in\" style=\"\" data-anim-type=\"fade-in-up\" data-anim-delay=\"100\"><strong>Stellv. Vorsitzender\/Ba\u015fkan Yard\u0131mc\u0131s\u0131<\/strong><\/h6><\/div><\/div><\/div>\t\t\t\t<\/div>\n\t\t\t\t<\/div>\n\t\t\t\t\t<\/div>\n\t\t<\/div>\n\t\t\t\t\t<\/div>\n\t\t<\/section>\n\t\t\t\t<section class=\"elementor-section elementor-inner-section elementor-element elementor-element-9cfd2c9 elementor-section-boxed elementor-section-height-default elementor-section-height-default\" data-id=\"9cfd2c9\" data-element_type=\"section\" data-e-type=\"section\">\n\t\t\t\t\t\t<div class=\"elementor-container elementor-column-gap-default\">\n\t\t\t\t\t<div class=\"elementor-column elementor-col-33 elementor-inner-column elementor-element elementor-element-9df39e1\" data-id=\"9df39e1\" data-element_type=\"column\" data-e-type=\"column\">\n\t\t\t<div class=\"elementor-widget-wrap elementor-element-populated\">\n\t\t\t\t\t\t<div class=\"elementor-element elementor-element-95f599e elementor-invisible elementor-widget elementor-widget-pix-team-member-circle\" data-id=\"95f599e\" data-element_type=\"widget\" data-e-type=\"widget\" data-widget_type=\"pix-team-member-circle.default\">\n\t\t\t\t<div class=\"elementor-widget-container\">\n\t\t\t\t\t<div class=\" text-center animate-in\" style=\"position:relative\" data-anim-type=\"fade-in-up\" data-anim-delay=\"0\"><div class=\"card-body text-center\"><div class=\"mb-2\" ><div class=\"animate-in d-inline-block\" data-anim-type=\"fade-in-up\" data-anim-delay=\"0\"><div class=\"pix-story d-inline-block \"  ><div class=\"story-img pix-bg-attachment-scroll pix-bg-custom pix-no-bg center d-inline-block\" ><img loading=\"lazy\" decoding=\"async\" width=\"150\" height=\"150\" src=\"https:\/\/www.avusturyacenazefonu.at\/wp-content\/uploads\/2023\/04\/bilal150x150-1.png\" class=\"rounded-circle bg-white pix-fit-cover img-fluid hover-effect \" alt=\"Bilal Akta\u015f\" style=\"width:160px;height:160px;\" srcset=\"https:\/\/www.avusturyacenazefonu.at\/wp-content\/uploads\/2023\/04\/bilal150x150-1.png 150w, https:\/\/www.avusturyacenazefonu.at\/wp-content\/uploads\/2023\/04\/bilal150x150-1-75x75.png 75w\" sizes=\"(max-width: 150px) 100vw, 150px\" \/><\/div><\/div><\/div><\/div><div class=\"text-center\"><h5 class=\"pix-member-name card-title mb-3 font-weight-bold   text-heading-default animate-in\" style=\"\" data-anim-type=\"fade-in-up\" data-anim-delay=\"0\">Bilal Akta\u015f<\/h5><h6 class=\"pix-member-title mb-3 font-weight-bold   text-body-default animate-in\" style=\"\" data-anim-type=\"fade-in-up\" data-anim-delay=\"100\"><strong>Verwaltung\/\u0130dari Memur<\/strong><\/h6><\/div><\/div><\/div>\t\t\t\t<\/div>\n\t\t\t\t<\/div>\n\t\t\t\t\t<\/div>\n\t\t<\/div>\n\t\t\t\t<div class=\"elementor-column elementor-col-33 elementor-inner-column elementor-element elementor-element-c775085\" data-id=\"c775085\" data-element_type=\"column\" data-e-type=\"column\">\n\t\t\t<div class=\"elementor-widget-wrap elementor-element-populated\">\n\t\t\t\t\t\t<div class=\"elementor-element elementor-element-12b3f05 elementor-invisible elementor-widget elementor-widget-pix-team-member-circle\" data-id=\"12b3f05\" data-element_type=\"widget\" data-e-type=\"widget\" data-widget_type=\"pix-team-member-circle.default\">\n\t\t\t\t<div class=\"elementor-widget-container\">\n\t\t\t\t\t<div class=\" text-center animate-in\" style=\"position:relative\" data-anim-type=\"fade-in-up\" data-anim-delay=\"0\"><div class=\"card-body text-center\"><div class=\"mb-2\" ><div class=\"animate-in d-inline-block\" data-anim-type=\"fade-in-up\" data-anim-delay=\"0\"><div class=\"pix-story d-inline-block \"  ><div class=\"story-img pix-bg-attachment-scroll pix-bg-custom pix-no-bg center d-inline-block\" ><img loading=\"lazy\" decoding=\"async\" width=\"150\" height=\"150\" src=\"https:\/\/www.avusturyacenazefonu.at\/wp-content\/uploads\/2023\/04\/eyup.png\" class=\"rounded-circle bg-white pix-fit-cover img-fluid hover-effect \" alt=\"Ey\u00fcp \u015eahin\" style=\"width:160px;height:160px;\" srcset=\"https:\/\/www.avusturyacenazefonu.at\/wp-content\/uploads\/2023\/04\/eyup.png 150w, https:\/\/www.avusturyacenazefonu.at\/wp-content\/uploads\/2023\/04\/eyup-75x75.png 75w\" sizes=\"(max-width: 150px) 100vw, 150px\" \/><\/div><\/div><\/div><\/div><div class=\"text-center\"><h5 class=\"pix-member-name card-title mb-3 font-weight-bold   text-heading-default animate-in\" style=\"\" data-anim-type=\"fade-in-up\" data-anim-delay=\"0\">Ey\u00fcp \u015eahin<\/h5><h6 class=\"pix-member-title mb-3 font-weight-bold   text-body-default animate-in\" style=\"\" data-anim-type=\"fade-in-up\" data-anim-delay=\"100\"><strong>Verwaltung\/\u0130dari Memur<\/strong><\/h6><\/div><\/div><\/div>\t\t\t\t<\/div>\n\t\t\t\t<\/div>\n\t\t\t\t\t<\/div>\n\t\t<\/div>\n\t\t\t\t<div class=\"elementor-column elementor-col-33 elementor-inner-column elementor-element elementor-element-33090b2\" data-id=\"33090b2\" data-element_type=\"column\" data-e-type=\"column\">\n\t\t\t<div class=\"elementor-widget-wrap elementor-element-populated\">\n\t\t\t\t\t\t<div class=\"elementor-element elementor-element-1f8fffa elementor-invisible elementor-widget elementor-widget-pix-team-member-circle\" data-id=\"1f8fffa\" data-element_type=\"widget\" data-e-type=\"widget\" data-widget_type=\"pix-team-member-circle.default\">\n\t\t\t\t<div class=\"elementor-widget-container\">\n\t\t\t\t\t<div class=\" text-center animate-in\" style=\"position:relative\" data-anim-type=\"fade-in-up\" data-anim-delay=\"0\"><div class=\"card-body text-center\"><div class=\"mb-2\" ><div class=\"animate-in d-inline-block\" data-anim-type=\"fade-in-up\" data-anim-delay=\"0\"><div class=\"pix-story d-inline-block \"  ><div class=\"story-img pix-bg-attachment-scroll pix-bg-custom pix-no-bg center d-inline-block\" ><img loading=\"lazy\" decoding=\"async\" width=\"150\" height=\"150\" src=\"https:\/\/www.avusturyacenazefonu.at\/wp-content\/uploads\/2022\/05\/anil_bey_avusturya_cenaze_fonu-150x150-1.png\" class=\"rounded-circle bg-white pix-fit-cover img-fluid hover-effect \" alt=\"An\u0131l Konu\" style=\"width:160px;height:160px;\" srcset=\"https:\/\/www.avusturyacenazefonu.at\/wp-content\/uploads\/2022\/05\/anil_bey_avusturya_cenaze_fonu-150x150-1.png 150w, https:\/\/www.avusturyacenazefonu.at\/wp-content\/uploads\/2022\/05\/anil_bey_avusturya_cenaze_fonu-150x150-1-75x75.png 75w\" sizes=\"(max-width: 150px) 100vw, 150px\" \/><\/div><\/div><\/div><\/div><div class=\"text-center\"><h5 class=\"pix-member-name card-title mb-3 font-weight-bold   text-heading-default animate-in\" style=\"\" data-anim-type=\"fade-in-up\" data-anim-delay=\"0\">An\u0131l Konu<\/h5><h6 class=\"pix-member-title mb-3 font-weight-bold   text-body-default animate-in\" style=\"\" data-anim-type=\"fade-in-up\" data-anim-delay=\"100\"><strong>Verwaltung\/\u0130dari Memur<\/strong><\/h6><\/div><\/div><\/div>\t\t\t\t<\/div>\n\t\t\t\t<\/div>\n\t\t\t\t\t<\/div>\n\t\t<\/div>\n\t\t\t\t\t<\/div>\n\t\t<\/section>\n\t\t\t\t\t<\/div>\n\t\t<\/div>\n\t\t\t\t\t<\/div>\n\t\t<\/section>\n\t\t\t\t<section class=\"elementor-section elementor-top-section elementor-element elementor-element-52d273dd elementor-section-content-bottom elementor-section-stretched elementor-hidden-desktop elementor-section-boxed elementor-section-height-default elementor-section-height-default\" data-id=\"52d273dd\" data-element_type=\"section\" data-e-type=\"section\" data-settings=\"{&quot;stretch_section&quot;:&quot;section-stretched&quot;,&quot;sticky&quot;:&quot;bottom&quot;,&quot;sticky_on&quot;:[&quot;tablet&quot;,&quot;mobile&quot;],&quot;sticky_offset_mobile&quot;:1,&quot;sticky_offset&quot;:0,&quot;sticky_effects_offset&quot;:0,&quot;sticky_anchor_link_offset&quot;:0}\">\n\t\t\t\t\t\t<div class=\"elementor-container elementor-column-gap-no\">\n\t\t\t\t\t<div class=\"elementor-column elementor-col-100 elementor-top-column elementor-element elementor-element-142b5e8c\" data-id=\"142b5e8c\" data-element_type=\"column\" data-e-type=\"column\">\n\t\t\t<div class=\"elementor-widget-wrap elementor-element-populated\">\n\t\t\t\t\t\t<div class=\"elementor-element elementor-element-3f102c2d elementor-align-justify elementor-widget elementor-widget-button\" data-id=\"3f102c2d\" data-element_type=\"widget\" data-e-type=\"widget\" data-widget_type=\"button.default\">\n\t\t\t\t<div class=\"elementor-widget-container\">\n\t\t\t\t\t\t\t\t\t<div class=\"elementor-button-wrapper\">\n\t\t\t\t\t<a class=\"elementor-button elementor-button-link elementor-size-md\" href=\"#\">\n\t\t\t\t\t\t<span class=\"elementor-button-content-wrapper\">\n\t\t\t\t\t\t\t\t\t<span class=\"elementor-button-text\"> &gt; Mitglied werden<\/span>\n\t\t\t\t\t<\/span>\n\t\t\t\t\t<\/a>\n\t\t\t\t<\/div>\n\t\t\t\t\t\t\t\t<\/div>\n\t\t\t\t<\/div>\n\t\t\t\t\t<\/div>\n\t\t<\/div>\n\t\t\t\t\t<\/div>\n\t\t<\/section>\n\t\t\t\t<\/div>\n\t\t","protected":false},"excerpt":{"rendered":"<p>Unser Management und Team Triff unser Team Avusturya Cenaze Fonu Mansur Y\u0131lmaz Vorsitzender\/Ba\u015fkan Volkan Ak\u0131n Stellv. Vorsitzender\/Ba\u015fkan Yard\u0131mc\u0131s\u0131 K\u00fcr\u015fat B\u0131\u00e7akc\u0131 Stellv. Vorsitzender\/Ba\u015fkan Yard\u0131mc\u0131s\u0131 Bilal Akta\u015f Verwaltung\/\u0130dari Memur Ey\u00fcp \u015eahin Verwaltung\/\u0130dari Memur An\u0131l Konu Verwaltung\/\u0130dari Memur > Mitglied werden<\/p>\n","protected":false},"author":2,"featured_media":0,"parent":0,"menu_order":0,"comment_status":"closed","ping_status":"closed","template":"","meta":{"inline_featured_image":false,"footnotes":""},"class_list":["post-989653","page","type-page","status-publish","hentry"],"_links":{"self":[{"href":"https:\/\/www.avusturyacenazefonu.at\/de\/wp-json\/wp\/v2\/pages\/989653","targetHints":{"allow":["GET"]}}],"collection":[{"href":"https:\/\/www.avusturyacenazefonu.at\/de\/wp-json\/wp\/v2\/pages"}],"about":[{"href":"https:\/\/www.avusturyacenazefonu.at\/de\/wp-json\/wp\/v2\/types\/page"}],"author":[{"embeddable":true,"href":"https:\/\/www.avusturyacenazefonu.at\/de\/wp-json\/wp\/v2\/users\/2"}],"replies":[{"embeddable":true,"href":"https:\/\/www.avusturyacenazefonu.at\/de\/wp-json\/wp\/v2\/comments?post=989653"}],"version-history":[{"count":16,"href":"https:\/\/www.avusturyacenazefonu.at\/de\/wp-json\/wp\/v2\/pages\/989653\/revisions"}],"predecessor-version":[{"id":991966,"href":"https:\/\/www.avusturyacenazefonu.at\/de\/wp-json\/wp\/v2\/pages\/989653\/revisions\/991966"}],"wp:attachment":[{"href":"https:\/\/www.avusturyacenazefonu.at\/de\/wp-json\/wp\/v2\/media?parent=989653"}],"curies":[{"name":"wp","href":"https:\/\/api.w.org\/{rel}","templated":true}]}}