{"id":989779,"date":"2022-05-16T09:07:33","date_gmt":"2022-05-16T07:07:33","guid":{"rendered":"https:\/\/dev.avusturyacenazefonu.at\/?page_id=989779"},"modified":"2025-09-12T11:22:07","modified_gmt":"2025-09-12T09:22:07","slug":"impressum","status":"publish","type":"page","link":"https:\/\/www.avusturyacenazefonu.at\/de\/impressum\/","title":{"rendered":"Impressum"},"content":{"rendered":"\t\t<div data-elementor-type=\"wp-page\" data-elementor-id=\"989779\" class=\"elementor elementor-989779\" data-elementor-post-type=\"page\">\n\t\t\t\t\t\t<section class=\"elementor-section elementor-top-section elementor-element elementor-element-cf6fa13 elementor-section-boxed elementor-section-height-default elementor-section-height-default\" data-id=\"cf6fa13\" data-element_type=\"section\" data-e-type=\"section\">\n\t\t\t\t\t\t<div class=\"elementor-container elementor-column-gap-default\">\n\t\t\t\t\t<div class=\"elementor-column elementor-col-50 elementor-top-column elementor-element elementor-element-66278ea\" data-id=\"66278ea\" data-element_type=\"column\" data-e-type=\"column\">\n\t\t\t<div class=\"elementor-widget-wrap elementor-element-populated\">\n\t\t\t\t\t\t<div class=\"elementor-element elementor-element-28b5ad2 elementor-widget elementor-widget-text-editor\" data-id=\"28b5ad2\" data-element_type=\"widget\" data-e-type=\"widget\" data-widget_type=\"text-editor.default\">\n\t\t\t\t<div class=\"elementor-widget-container\">\n\t\t\t\t\t\t\t\t\t<p><strong>Avusturya Cenaze Interkulturalit\u00e4t-Unterst\u00fctzung<\/strong><\/p>\n<p><strong>ZVR-Zahl<\/strong> 682932639<\/p>\n<p><strong>Vorsitzender\/Ba\u015fkan<br><\/strong>Mansur Yilmaz<\/p>\n<p><strong>Stellv. Vorsitzender\/Ba\u015fkan Yard\u0131mc\u0131s\u0131<br><\/strong>K\u00fcr\u015fad BI\u00c7AKCI<\/p>\n<p><strong>Inhaber \/ Hesap Sahibi:<br><\/strong> Avusturya Cenaze Fonu<\/p>\n<p><strong>Web \/ IT Management<\/strong><\/p><p><span style=\"color: inherit; font-size: 1rem; letter-spacing: -0.16px;\">U\u011fur Ertu\u011frul<\/span><span style=\"color: inherit; font-size: 1rem; letter-spacing: -0.01em;\">&nbsp;&#8211; webmaster@avusturyacenazefonu.at<\/span><\/p>\t\t\t\t\t\t\t\t<\/div>\n\t\t\t\t<\/div>\n\t\t\t\t\t<\/div>\n\t\t<\/div>\n\t\t\t\t<div class=\"elementor-column elementor-col-50 elementor-top-column elementor-element elementor-element-fff4f6a\" data-id=\"fff4f6a\" data-element_type=\"column\" data-e-type=\"column\">\n\t\t\t<div class=\"elementor-widget-wrap elementor-element-populated\">\n\t\t\t\t\t\t<div class=\"elementor-element elementor-element-8f4204c elementor-widget elementor-widget-text-editor\" data-id=\"8f4204c\" data-element_type=\"widget\" data-e-type=\"widget\" data-widget_type=\"text-editor.default\">\n\t\t\t\t<div class=\"elementor-widget-container\">\n\t\t\t\t\t\t\t\t\t<p><strong>Bank:<\/strong>\u00a0Raiffeisenlandesbank<br \/><strong>Inhaber \/ Hesap Sahibi:<\/strong>\u00a0Avusturya Cenaze Fonu<br \/><strong>IBAN:<\/strong>\u00a0AT05 3200 0000 0931 8783<br \/><strong>BIC\/SWIFT:<\/strong>\u00a0RLNWATWW<\/p>\t\t\t\t\t\t\t\t<\/div>\n\t\t\t\t<\/div>\n\t\t\t\t\t<\/div>\n\t\t<\/div>\n\t\t\t\t\t<\/div>\n\t\t<\/section>\n\t\t\t\t<section class=\"elementor-section elementor-top-section elementor-element elementor-element-37428c1 elementor-section-boxed elementor-section-height-default elementor-section-height-default\" data-id=\"37428c1\" data-element_type=\"section\" data-e-type=\"section\">\n\t\t\t\t\t\t<div class=\"elementor-container elementor-column-gap-default\">\n\t\t\t\t\t<div class=\"elementor-column elementor-col-100 elementor-top-column elementor-element elementor-element-22c8654\" data-id=\"22c8654\" data-element_type=\"column\" data-e-type=\"column\">\n\t\t\t<div class=\"elementor-widget-wrap elementor-element-populated\">\n\t\t\t\t\t\t<div class=\"elementor-element elementor-element-4d7e46a elementor-widget elementor-widget-text-editor\" data-id=\"4d7e46a\" data-element_type=\"widget\" data-e-type=\"widget\" data-widget_type=\"text-editor.default\">\n\t\t\t\t<div class=\"elementor-widget-container\">\n\t\t\t\t\t\t\t\t\t<p><strong>Haftungsausschluss<\/strong><br \/>Die bereitgestellten Informationen auf dieser Website wurden sorgf\u00e4ltig gepr\u00fcft und werden regelm\u00e4\u00dfig aktualisiert. Jedoch kann keine Garantie daf\u00fcr \u00fcbernommen werden, dass alle Angaben zu jeder Zeit vollst\u00e4ndig, richtig und in letzter Aktualit\u00e4t dargestellt sind. Dies gilt insbesondere f\u00fcr alle Verbindungen (\u201cLinks\u201d) zu anderen Websites. Alle Links auf externe Seiten wurden von uns bei Erstellung der Seite sorgf\u00e4ltig gepr\u00fcft. M\u00f6gliche Rechtsverst\u00f6\u00dfe waren zum Zeitpunkt der Verlinkung nicht erkennbar. Allerdings haben wir keinen Einfluss auf die Inhalte verlinkter Seiten, hierf\u00fcr ist der jeweilige Dienstanbieter verantwortlich. Sollten rechtswidrige Seiten \u00fcber die Hyperlinks abrufbar sein, bitten wir um eine Mitteilung an oben stehden Adresse. Wir werden dies dann \u00fcberpr\u00fcfen und die Links ggf. entfernen. Alle Angaben k\u00f6nnen ohne vorherige Ank\u00fcndigung ge\u00e4ndert, entfernt oder erg\u00e4nzt werden.<\/p><p>Der Betreiber tritt im Zusammenhang mit seiner Internetpr\u00e4senz zu keinem Zeitpunkt als Anbieter von Dienstleistungen oder als Vertragspartner auf. Er stellt auf seinen Internet-Seiten lediglich \u201cVerlinkungen\u201d zu verschiedenen externen Online-Angeboten anderer Anbieter und deren Datenbanken zur Verf\u00fcgung. F\u00fcr s\u00e4mtliche Inhalte der verlinkten Angebote wird daher keinerlei Haftung \u00fcbernommen! Alle Vertr\u00e4ge, die \u00fcber \u201cVerlinkungen\u201d zu den externen Inhalten und Angeboten der Reiseveranstalter und Agenturen zustandekommen, werden jeweils direkt zwischen den buchenden Kunden bzw. Reisenden und den Veranstaltern ohne jegliche Beteiligung des Betreibers geschlossen. Der Betreiber bleibt von jeglichen vertraglichen Regelungen, Absprachen und Forderungen zwischen den Vertragsparteien frei und unber\u00fchrt.<\/p><p>Stand J\u00e4nner 2020. Alle Angaben ohne Gew\u00e4hr.<\/p><p>Wir benutzen neben eigenem u.a. auch Bildmaterial von iStockphoto, Fotolia usw.\u00a0 F\u00fcr Anfragen bez\u00fcglich Eintr\u00e4gen von Marti Reisen in anderen Portalen, wenden Sie sich bitte an\u00a0<strong>office@avusturyacenazefonu.at<\/strong><\/p>\t\t\t\t\t\t\t\t<\/div>\n\t\t\t\t<\/div>\n\t\t\t\t\t<\/div>\n\t\t<\/div>\n\t\t\t\t\t<\/div>\n\t\t<\/section>\n\t\t\t\t<\/div>\n\t\t","protected":false},"excerpt":{"rendered":"<p>Avusturya Cenaze Interkulturalit\u00e4t-Unterst\u00fctzung ZVR-Zahl 682932639 Vorsitzender\/Ba\u015fkanMansur Yilmaz Stellv. Vorsitzender\/Ba\u015fkan Yard\u0131mc\u0131s\u0131K\u00fcr\u015fad BI\u00c7AKCI Inhaber \/ Hesap Sahibi: Avusturya Cenaze Fonu Web \/ IT Management U\u011fur Ertu\u011frul&nbsp;&#8211; webmaster@avusturyacenazefonu.at Bank:\u00a0RaiffeisenlandesbankInhaber \/ Hesap Sahibi:\u00a0Avusturya Cenaze FonuIBAN:\u00a0AT05 3200 0000 0931 8783BIC\/SWIFT:\u00a0RLNWATWW HaftungsausschlussDie bereitgestellten Informationen auf dieser&#8230;<\/p>\n","protected":false},"author":2,"featured_media":0,"parent":0,"menu_order":0,"comment_status":"closed","ping_status":"closed","template":"","meta":{"inline_featured_image":false,"footnotes":""},"class_list":["post-989779","page","type-page","status-publish","hentry"],"_links":{"self":[{"href":"https:\/\/www.avusturyacenazefonu.at\/de\/wp-json\/wp\/v2\/pages\/989779","targetHints":{"allow":["GET"]}}],"collection":[{"href":"https:\/\/www.avusturyacenazefonu.at\/de\/wp-json\/wp\/v2\/pages"}],"about":[{"href":"https:\/\/www.avusturyacenazefonu.at\/de\/wp-json\/wp\/v2\/types\/page"}],"author":[{"embeddable":true,"href":"https:\/\/www.avusturyacenazefonu.at\/de\/wp-json\/wp\/v2\/users\/2"}],"replies":[{"embeddable":true,"href":"https:\/\/www.avusturyacenazefonu.at\/de\/wp-json\/wp\/v2\/comments?post=989779"}],"version-history":[{"count":7,"href":"https:\/\/www.avusturyacenazefonu.at\/de\/wp-json\/wp\/v2\/pages\/989779\/revisions"}],"predecessor-version":[{"id":999409,"href":"https:\/\/www.avusturyacenazefonu.at\/de\/wp-json\/wp\/v2\/pages\/989779\/revisions\/999409"}],"wp:attachment":[{"href":"https:\/\/www.avusturyacenazefonu.at\/de\/wp-json\/wp\/v2\/media?parent=989779"}],"curies":[{"name":"wp","href":"https:\/\/api.w.org\/{rel}","templated":true}]}}