{"id":990001,"date":"2022-05-24T17:07:27","date_gmt":"2022-05-24T15:07:27","guid":{"rendered":"https:\/\/dev.avusturyacenazefonu.at\/?page_id=990001"},"modified":"2022-05-24T17:07:45","modified_gmt":"2022-05-24T15:07:45","slug":"datenschutzerklaerung","status":"publish","type":"page","link":"https:\/\/www.avusturyacenazefonu.at\/de\/datenschutzerklaerung\/","title":{"rendered":"Datenschutzerkl\u00e4rung"},"content":{"rendered":"<ol>\n<li><strong>Grundlagen<\/strong><\/li>\n<\/ol>\n<p>Diese Datenschutzerkl\u00e4rung betrifft alle Personen, die die Dienstleistungen der Avusturya Cenaze Interkulturalit\u00e4t-Unterst\u00fctzung (im Folgenden CENAZE FONU) nutzen. Wir informieren Sie damit \u00fcber Art, Umfang und Zweck der Erhebung und Verwendung Ihrer personenbezogenen Daten durch unser Unternehmen. Wir achten Ihre Privatsph\u00e4re und sind bestrebt, die gesetzlichen Vorgaben f\u00fcr die Verarbeitung Ihrer personenbezogenen Daten (EU-Verordnung Nr. 679\/2016 (DSGVO), DSG 2000, DSG 2018 und TKG 2003) genau einzuhalten. Alle Ihre personenbezogenen Daten werden auf dieser Grundlage verarbeitet.<\/p>\n<p>Verantwortlicher f\u00fcr die Datenverarbeitung ist Avusturya Cenaze Fonu, Rotenhofgasse 13 , 1100 Wien.<\/p>\n<p>Unser Datenschutzkoordinator ist K\u00fcrsad BICAKCI (<a href=\"mailto:office@avusturyacenazefonu.at\">office@avusturyacenazefonu.at<\/a>, +4312366060119).<\/p>\n<p>Mit der Nutzung unserer Dienstleistungen und der Erteilung von Einwilligungen im Sinne dieser Erkl\u00e4rung best\u00e4tigen Sie, dass Sie das 14. Lebensjahr vollendet haben und in der Lage sind, eine zul\u00e4ssige Einwilligung zu erteilen, oder dass bereits eine wirksame Einwilligung Ihres Erziehungsberechtigten oder Ihres Sachwalters vorliegt.<\/p>\n<ol start=\"2\">\n<li><strong>Angaben gem\u00e4\u00df Art 13 DSGVO<\/strong><\/li>\n<\/ol>\n<p>&nbsp;<\/p>\n<p>Ihre personenbezogenen Daten, das sind insbesondere<\/p>\n<p>&nbsp;<\/p>\n<p>\u2013 Ihre Stammdaten (Name, Vorname, Adresse, Geburtsdatum, Mail Adresse, Telefonnummer),<\/p>\n<p>\u2013 die Daten zu Zahlungsart und im Zusammenhang mit Zahlungen, insbesondere mit EC-Karten, Kreditkarten und Bankkarten,<\/p>\n<p>\u2013 besondere Kategorien von Daten wie Gesundheitsdaten und zu Ehe\/Partnerschaft\/Kindern,<\/p>\n<p>&nbsp;<\/p>\n<p>werden f\u00fcr unsere Dienstleistungen ben\u00f6tigt. Diese Daten werden deshalb zu diesen Zwecken von uns gespeichert, verarbeitet und, soweit erforderlich, an Dritte \u2013 auch Dienstleister in Drittstaaten als Auftragsverarbeiter f\u00fcr Bestattungen oder \u00dcberf\u00fchrungen \u00fcbermittelt.<\/p>\n<p>&nbsp;<\/p>\n<p>Profiling und automatisierte Entscheidungen setzen wir nicht ein.<\/p>\n<p>&nbsp;<\/p>\n<p>Die Dauer der Speicherung bemisst sich nach der Dauer unserer Gesch\u00e4ftsbeziehung und dar\u00fcber hinaus nach den f\u00fcr uns geltenden gesetzlichen Aufbewahrungspflichten. Wir betonen, dass wir im Fall einer regelm\u00e4\u00dfigen Zusammenarbeit f\u00fcr unser bestm\u00f6gliches Kundenservice bestrebt sind, Ihre bereits an uns \u00fcbermittelten Kundenw\u00fcnsche so gut zu kennen, dass wir Sie laufend und dauerhaft zufriedenstellen k\u00f6nnen.<\/p>\n<ol start=\"3\">\n<li><strong>Unsere Webauftritte<\/strong><\/li>\n<\/ol>\n<p>Durch den Aufruf unserer Website werden automatisch Ihre Zugriffsdaten erhoben und gespeichert. Diese Zugriffsdaten k\u00f6nnen insbesondere die aufgerufene Seite, die angesehenen Dateien, Datum und Uhrzeit des Aufrufs, IP-Adresse des Benutzers, Daten des aufrufenden Rechners, insbesondere des Browsers und des Betriebssystems, sowie die Datenmenge und die Meldung des erfolgreichen Aufrufs umfassen. Diese Zugriffsdaten werden von uns f\u00fcr interne statistische Zwecke verwendet, um die Sicherheit unseres Angebots zu gew\u00e4hrleisten und um das Angebot zu optimieren. Bei Verdacht einer rechtswidrigen Handlung werden die Zugriffsdaten zur Beweissicherung ausgewertet.<\/p>\n<p>Mit der Eingabe Ihrer personenbezogenen Daten in eines unserer Kontaktformulare stimmen Sie f\u00fcr die Dauer der Betreuung dieser konkreten Anfrage der \u00dcbermittlung an und Speicherung und Verarbeitung durch uns zu. Dies gilt insbesondere f\u00fcr Ihre Anfragen per Kontakt-Formular, Chat und E-Mails, die Sie uns senden. Wir ben\u00f6tigen diese Daten zur Bearbeitung Ihrer Anfrage und speichern in diesen F\u00e4llen auch Ihre IP-Adresse zu Zwecken der Beweissicherung. Die Speicherung erfolgt solange dies f\u00fcr die Betreuung allf\u00e4lliger erg\u00e4nzender oder nachtr\u00e4glicher gestellter Fragen durch Sie oder uns erforderlich ist.<\/p>\n<p>\u00dcber unsere Seiten anadolu-bestattung.at werden keine anderen Daten abgefragt und gespeichert, die wir nicht auch im station\u00e4ren Vertrieb aufnehmen. Es gelten hier die selben Bestimmungen die Speicherung und L\u00f6schung betreffend.<\/p>\n<p>&nbsp;<\/p>\n<p>Die Rechtsgrundlagen f\u00fcr diese Datenverarbeitungen sind Ihre Einwilligung, unsere vorvertraglichen und vertraglichen Verpflichtungen Ihnen gegen\u00fcber, unsere berechtigten Interessen und rechtlichen Verpflichtungen aller Art und \u00a7 96 TKG.<\/p>\n<ol start=\"4\">\n<li><strong>Inhalte<\/strong><\/li>\n<\/ol>\n<p>Der Inhalt unserer Website wurde sorgf\u00e4ltig erstellt und mehrfach kontrolliert, f\u00fcr die Aktualit\u00e4t, Richtigkeit und Vollst\u00e4ndigkeit der bereitgestellten Informationen \u00fcbernehmen wir jedoch keine Haftung. Anspr\u00fcche auf Schadenersatz wegen Nutzung oder Nichtnutzung der Informationen bzw. durch die Nutzung fehlerhafter oder unvollst\u00e4ndiger Informationen, sind ausgeschlossen. Alle Angebote sind freibleibend und unverbindlich. Wir behalten uns das Recht vor, das Angebot oder Teile davon ohne gesonderte Ank\u00fcndigung zu ver\u00e4ndern, zu erg\u00e4nzen, zu l\u00f6schen oder die Ver\u00f6ffentlichung der Website zeitweise oder endg\u00fcltig einzustellen.<\/p>\n<p>Der Inhalt und die Programmierung unserer Website sind urheber- und leistungsschutzrechtlich gesch\u00fctzt. Jede Vervielf\u00e4ltigung \u2013 auch auszugsweise \u2013 und \u00f6ffentliche Wiedergabe, insbesondere das Kopieren von Texten, Grafiken und Fotos, ist ohne unsere vorhergehende schriftliche Zustimmung verboten.<\/p>\n<ol start=\"5\">\n<li><strong>\u00dcbermittlung an Dritte \/ Verpflichtungen von Auftragsverarbeitern<\/strong><\/li>\n<\/ol>\n<p>Ihre personenbezogenen Daten werden von uns unter Umst\u00e4nden<br \/>\n\u2013 innerhalb des Konzerns unter Ber\u00fccksichtigung der zul\u00e4ssigen Verwendungszwecke,<\/p>\n<p>\u2013 an Auftragsverarbeiter (z.B. f\u00fcr unsere elektronische Werbung in Form von Newslettern), die sich uns gegen\u00fcber zur Einhaltung der geltenden Datenschutz- Standards verpflichtet haben, oder<br \/>\n\u2013 an Dritte, die f\u00fcr die Erbringung der von Ihnen gew\u00fcnschten Dienstleistungen (z.B. Bestattungsunternehmen, Beh\u00f6rden) beigezogen werden m\u00fcssen,<\/p>\n<p>&nbsp;<\/p>\n<p>\u00fcbermittelt. Sollte die Einhaltung europ\u00e4ischer Datenschutz-Standards nicht m\u00f6glich sein \u2013 etwa weil im konkreten Fall Standardvertragsklauseln, Angemessenheitsbeschl\u00fcsse oder Zertifizierungen nicht gew\u00e4hrleistet sind \u2013 kl\u00e4ren wir Sie rechtzeitig auf und holen auch die erforderlichen Einwilligungen von Ihnen ein. F\u00fcr weitere Informationen kontaktieren Sie uns bitte unter\u00a0<a href=\"mailto:office@avusturyacenazefonu.at\">office@avusturyacenazefonu.at<\/a>.<\/p>\n<ol start=\"6\">\n<li><strong>Cookies und Tracking Dienste<\/strong><\/li>\n<\/ol>\n<p>Wir verwenden Cookies, das sind kleine Textelemente, die zum Speichern von Informationen in Webbrowsern verwendet werden. Cookies werden bei Ihrem n\u00e4chsten Besuch unseres Webauftritts erkannt und tragen erheblich dazu bei, Ladevorg\u00e4nge zu beschleunigen und die Nutzung unserer Angebote komfortabel f\u00fcr Sie zu machen. Ihre von Cookies erkannten und gespeicherten Informationen dienen Ihrer Wiederkennung, aber auch der Analyse Ihres Nutzerverhaltens. Sie werden auf dem Server des jeweiligen Anbieters, der sich als Auftragsverarbeiter uns gegen\u00fcber zur Einhaltung der geltenden Datenschutz-Standards verpflichtet hat, gespeichert.<\/p>\n<p>Nachdem Sie unseren Webauftritt besucht haben, bleiben Cookies auf Ihrem Endger\u00e4t gespeichert, sofern Sie dies nicht von vornherein verweigern oder Sie Cookies nicht aktiv l\u00f6schen. Das aktive Deaktivieren von Cookies kann die Funktionalit\u00e4t unserer Webauftritte f\u00fcr Sie beeintr\u00e4chtigen. Sie k\u00f6nnen die Speicherung der Cookies auch durch eine entsprechende Einstellung Ihrer Browser- Software verhindern. Wir weisen Sie jedoch darauf hin, dass Sie in diesem Fall gegebenenfalls nicht s\u00e4mtliche Funktionen unserer Website werden nutzen k\u00f6nnen. Sie k\u00f6nnen dar\u00fcber hinaus die Weiterleitung der durch das Cookie erzeugten und auf Ihre Nutzung der Website bezogenen Daten (inkl. Ihrer IP-Adresse) an Google sowie die Verarbeitung dieser Daten durch Google verhindern, indem Sie das auf der Website google.com verf\u00fcgbare Browser-Plugin herunterladen und installieren. Das Plug-In ist jedoch nur f\u00fcr bestimmte Browser-Programme verf\u00fcgbar.<\/p>\n<p>Wir verwenden auf unserer Website auch Inhalte Dritter, um unseren Internet-Auftritt m\u00f6glichst informativ und komfortabel f\u00fcr Sie zu gestalten. Dazu geh\u00f6ren zB Google-Maps, RSS-Feeds oder Youtube. Diese Dritt-Anbieter erhalten aus technischen Gr\u00fcnden Ihre IP-Adresse. Auf die Verwendung dieser Daten durch den Dritt-Anbieter haben wir keinen Einfluss. Wir verweisen diesbez\u00fcglich auf die Datenschutzerkl\u00e4rungen der jeweiligen Anbieter.<\/p>\n<h4>7. GOOGLE ANALYTICS<\/h4>\n<p>Diese Website nutzt den Dienst \u201eGoogle Analytics\u201c, welcher von der Google Inc. (1600 Amphitheatre Parkway Mountain View, CA 94043, USA) angeboten wird, zur Analyse der Websitebenutzung durch Nutzer. Der Dienst verwendet \u201eCookies\u201c \u2013 Textdateien, welche auf Ihrem Endger\u00e4t gespeichert werden. Die durch die Cookies gesammelten Informationen werden im Regelfall an einen Google-Server in den USA gesandt und dort gespeichert.<\/p>\n<p>Auf dieser Website greift die IP-Anonymisierung. Die IP-Adresse der Nutzer wird innerhalb der Mitgliedsstaaten der EU und des Europ\u00e4ischen Wirtschaftsraum gek\u00fcrzt. Durch diese K\u00fcrzung entf\u00e4llt der Personenbezug Ihrer IP-Adresse. Im Rahmen der Vereinbarung zur Auftragsdatenvereinbarung, welche die Websitebetreiber mit der Google Inc. geschlossen haben, erstellt diese mithilfe der gesammelten Informationen eine Auswertung der Websitenutzung und der Websiteaktivit\u00e4t und erbringt mit der Internetnutzung verbundene Dienstleistungen.<\/p>\n<p>Sie haben die M\u00f6glichkeit, die Speicherung des Cookies auf Ihrem Ger\u00e4t zu verhindern, indem Sie in Ihrem Browser entsprechende Einstellungen vornehmen. Es ist nicht gew\u00e4hrleistet, dass Sie auf alle Funktionen dieser Website ohne Einschr\u00e4nkungen zugreifen<\/p>\n<p>Hier finden Sie weitere Informationen zur Datennutzung durch die Google Inc.:\u00a0<a href=\"https:\/\/support.google.com\/analytics\/answer\/6004245?hl=de\" target=\"_blank\" rel=\"noopener\">https:\/\/support.google.com\/analytics\/answer\/6004245?hl=de<\/a><\/p>\n<h4>8. NUTZUNG VON SOCIAL-MEDIA-PLUGINS<\/h4>\n<p>Diese Website verwendet Facebook Social Plugins, welches von der Facebook Inc. (1 Hacker Way, Menlo Park, California 94025, USA) betrieben wird. Erkennbar sind die Einbindungen an dem Facebook-Logo bzw. an den Begriffen \u201eLike\u201c, \u201eGef\u00e4llt mir\u201c, \u201eTeilen\u201c in den Farben Facebooks (Blau und Wei\u00df). Informationen zu allen Facebook-Plugins finden Sie im folgenden Link:\u00a0<a href=\"https:\/\/developers.facebook.com\/docs\/plugins\/\" target=\"_blank\" rel=\"noopener\">https:\/\/developers.facebook.com\/docs\/plugins\/<\/a><\/p>\n<p>Das Plugin stellt eine direkte Verbindung zwischen Ihrem Browser und den Facebook-Servern her. Der Websitebetreiber hat keinerlei Einfluss auf die Natur und den Umfang der Daten, welche das Plugin an die Server der Facebook Inc. \u00fcbermittelt. Informationen dazu finden Sie hier:\u00a0<a href=\"https:\/\/www.facebook.com\/help\/186325668085084\" target=\"_blank\" rel=\"noopener\">https:\/\/www.facebook.com\/help\/186325668085084<\/a><br \/>\nDas Plugin informiert die Facebook Inc. dar\u00fcber, dass Sie Nutzer diese Website besucht hat. Es besteht hierbei die M\u00f6glichkeit, dass Ihre IP-Adresse gespeichert wird. Sind Sie w\u00e4hrend des Besuchs auf dieser Website in Ihrem Facebook-Konto eingeloggt, werden die genannten Informationen mit diesem verkn\u00fcpft.<\/p>\n<p>Nutzen Sie die Funktionen des Plugins \u2013 etwa indem Sie einen Beitrag teilen oder \u201eliken\u201c \u2013 werden die entsprechenden Informationen ebenfalls an die Facebook Inc. \u00fcbermittelt.<\/p>\n<p>M\u00f6chten Sie verhindern, dass die Facebook. Inc. diese Daten mit Ihrem Facebook-Konto verkn\u00fcpft, loggen Sie sich bitte vor dem Besuch dieser Website bei Facebook aus.<\/p>\n<p>Weiterhin nutzt diese Website die \u201e+1\u201c-Schaltfl\u00e4che von Google Plus. Betrieben wird diese von der Google Inc. (1600 Amphitheatre Parkway Mountain View, CA 94043, USA). Besuchen Sie eine Seite, welche die \u201e+1\u201c-Schaltfl\u00e4che enth\u00e4lt, entsteht eine direkte Verbindung zwischen Ihrem Browser und den Google-Servern. Der Websitebetreiber hat daher keinerlei Einfluss auf die Natur und den Umfang der Daten, welche das Plugin an die Server der Google Inc. \u00fcbermitteln. Klicken Sie auf den \u201e+1\u201c-Button, w\u00e4hrend Sie in Google + angemeldet sind, teilen Sie die Inhalte der Seite auf Ihrem \u00f6ffentlichen Profil.<\/p>\n<p>Personenbezogene Daten werden laut der Google Inc. erst dann erhoben, wenn Sie auf die Schaltfl\u00e4che klicken. Auch bei eingeloggten Google-Nutzern wird unter anderem die IP-Adresse gespeichert. M\u00f6chten Sie verhindern, dass die Google Inc. diese Daten speichert und mit Ihrem Konto verkn\u00fcpft, loggen Sie sich bitte vor dem Besuch dieser Website aus.<\/p>\n<p>Informationen zur \u201e+1\u201c-Schaltfl\u00e4che finden Sie hier:\u00a0<a href=\"https:\/\/developers.google.com\/+\/web\/buttons-policy\" target=\"_blank\" rel=\"noopener\">https:\/\/developers.google.com\/+\/web\/buttons-policy<\/a>.<\/p>\n<p>Auf unserer Website werden sogenannte Social Plugins (\u201ePlugins\u201c) des Online-Dienstes Instagram verwendet, das von der Instagram LLC., 1601 Willow Road, Menlo Park, CA 94025, USA (\u201eInstagram\u201c) betrieben wird. Die Plugins sind mit einem Instagram-Logo beispielsweise in Form einer \u201eInstagram-Kamera\u201c gekennzeichnet. Eine \u00dcbersicht \u00fcber die Instagram Plugins und deren Aussehen finden Sie hier:\u00a0<a href=\"http:\/\/blog.instagram.com\/post\/36222022872\/introducing-instagram-badges.\" target=\"_blank\" rel=\"noopener\">http:\/\/blog.instagram.com\/post\/36222022872\/introducing-instagram-badges.<\/a><\/p>\n<p>Wenn Sie eine Seite unseres Webauftritts aufrufen, die ein solches Plugin enth\u00e4lt, stellt Ihr Browser eine direkte Verbindung zu den Servern von Instagram her. Der Inhalt des Plugins wird von Instagram direkt an Ihren Browser \u00fcbermittelt und in die Seite eingebunden. Durch diese Einbindung erh\u00e4lt Instagram die Information, dass Ihr Browser die entsprechende Seite unseres Webauftritts aufgerufen hat, auch wenn Sie kein Instagram-Profil besitzen oder gerade nicht bei Instagram eingeloggt sind. Diese Information (einschlie\u00dflich Ihrer IP-Adresse) wird von Ihrem Browser direkt an einen Server von Instagram in die USA \u00fcbermittelt und dort gespeichert.<\/p>\n<p>Zweck und Umfang der Datenerhebung und die weitere Verarbeitung und Nutzung der Daten durch Instagram sowie Ihre diesbez\u00fcglichen Rechte und Einstellungsm\u00f6glichkeiten zum Schutz Ihrer Privatsph\u00e4re entnehmen Sie bitte den Datenschutzhinweisen von Instagram:\u00a0<a href=\"https:\/\/help.instagram.com\/155833707900388\/\" target=\"_blank\" rel=\"noopener\">https:\/\/help.instagram.com\/155833707900388\/.<\/a><\/p>\n<ol start=\"9\">\n<li><strong>Kontakt<\/strong><\/li>\n<\/ol>\n<p>Sie k\u00f6nnen jederzeit unentgeltlich Auskunft \u00fcber Ihre personenbezogenen Daten, die von uns gespeichert werden, verlangen. Sie haben als Betroffener auch das Recht auf Widerruf, Auskunft, L\u00f6schung, Richtigstellung, Einschr\u00e4nkung und \u00dcbertragung Ihrer personenbezogenen Daten, soweit dem keine gesetzliche Aufbewahrungspflicht unsererseits gegen\u00fcbersteht.<\/p>\n<p>F\u00fcr n\u00e4here Informationen zu Ihren Rechten als Betroffener kontaktieren Sie uns bitte unter\u00a0<a href=\"mailto:office@avusturyacenazefonu.at\">office@avusturyacenazefonu.at<\/a>\u00a0oder +4312366060119. Wir helfen Ihnen gerne weiter. F\u00fcr Beschwerden ist als Aufsichtsbeh\u00f6rde die \u00d6sterreichische Datenschutzbeh\u00f6rde (DSB), Wickenburggasse 8-10, 1080 Wien, zust\u00e4ndig.<\/p>\n<h4>10. RECHTE DES NUTZERS: AUSKUNFT, BERICHTIGUNG UND L\u00d6SCHUNG<\/h4>\n<p>Sie als Nutzer erhalten auf Antrag Ihrerseits kostenlose Auskunft dar\u00fcber, welche personenbezogenen Daten \u00fcber Sie gespeichert wurden. Sofern Ihr Wunsch nicht mit einer gesetzlichen Pflicht zur Aufbewahrung von Daten (z. B. Vorratsdatenspeicherung) kollidiert, haben Sie ein Anrecht auf Berichtigung falscher Daten und auf die Sperrung oder L\u00f6schung Ihrer personenbezogenen Daten.<\/p>\n<ol start=\"11\">\n<li><strong>Sonstiges<\/strong><\/li>\n<\/ol>\n<p>Wir haben organisatorische und technische Schutzma\u00dfnahmen, die wir laufend evaluieren und bei Bedarf anpassen, implementiert, um Ihre von uns gespeicherten und verarbeiteten personenbezogenen Daten zu sch\u00fctzen.<\/p>\n<p>Wir behalten uns vor, diese Datenschutzerkl\u00e4rung jederzeit zu \u00e4ndern und an neue Entwicklungen anzupassen. Die neue Fassung gilt ab Bereitstellung auf unserer Website. Die aktuelle Fassung der Datenschutzerkl\u00e4rung ist jederzeit auf der Website abrufbar.<\/p>\n","protected":false},"excerpt":{"rendered":"<p>Grundlagen Diese Datenschutzerkl\u00e4rung betrifft alle Personen, die die Dienstleistungen der Avusturya Cenaze Interkulturalit\u00e4t-Unterst\u00fctzung (im Folgenden CENAZE FONU) nutzen. Wir informieren Sie damit \u00fcber Art, Umfang und Zweck der Erhebung und Verwendung Ihrer personenbezogenen Daten durch unser Unternehmen. Wir achten Ihre&#8230;<\/p>\n","protected":false},"author":2,"featured_media":0,"parent":0,"menu_order":0,"comment_status":"closed","ping_status":"closed","template":"","meta":{"inline_featured_image":false,"footnotes":""},"class_list":["post-990001","page","type-page","status-publish","hentry"],"_links":{"self":[{"href":"https:\/\/www.avusturyacenazefonu.at\/de\/wp-json\/wp\/v2\/pages\/990001","targetHints":{"allow":["GET"]}}],"collection":[{"href":"https:\/\/www.avusturyacenazefonu.at\/de\/wp-json\/wp\/v2\/pages"}],"about":[{"href":"https:\/\/www.avusturyacenazefonu.at\/de\/wp-json\/wp\/v2\/types\/page"}],"author":[{"embeddable":true,"href":"https:\/\/www.avusturyacenazefonu.at\/de\/wp-json\/wp\/v2\/users\/2"}],"replies":[{"embeddable":true,"href":"https:\/\/www.avusturyacenazefonu.at\/de\/wp-json\/wp\/v2\/comments?post=990001"}],"version-history":[{"count":2,"href":"https:\/\/www.avusturyacenazefonu.at\/de\/wp-json\/wp\/v2\/pages\/990001\/revisions"}],"predecessor-version":[{"id":990003,"href":"https:\/\/www.avusturyacenazefonu.at\/de\/wp-json\/wp\/v2\/pages\/990001\/revisions\/990003"}],"wp:attachment":[{"href":"https:\/\/www.avusturyacenazefonu.at\/de\/wp-json\/wp\/v2\/media?parent=990001"}],"curies":[{"name":"wp","href":"https:\/\/api.w.org\/{rel}","templated":true}]}}